{"id":1543,"date":"2021-02-11T11:07:33","date_gmt":"2021-02-11T10:07:33","guid":{"rendered":"https:\/\/www.kyos.ch\/sicherheitslosungen\/identite-acces\/"},"modified":"2024-11-19T11:35:25","modified_gmt":"2024-11-19T10:35:25","slug":"identitats-zugriffs","status":"publish","type":"page","link":"https:\/\/staging.kyos.ch\/de\/sicherheitslosungen\/identitats-zugriffs\/","title":{"rendered":"Identit\u00e4t und Zugriff"},"content":{"rendered":"\t\t<div data-elementor-type=\"wp-page\" data-elementor-id=\"1543\" class=\"elementor elementor-1543 elementor-954\" data-elementor-post-type=\"page\">\n\t\t\t\t\t\t<section class=\"elementor-section elementor-top-section elementor-element elementor-element-7fbd8bb elementor-section-full_width elementor-hidden-desktop elementor-section-height-default elementor-section-height-default\" data-id=\"7fbd8bb\" data-element_type=\"section\" data-settings=\"{&quot;background_background&quot;:&quot;classic&quot;,&quot;sticky&quot;:&quot;top&quot;,&quot;sticky_offset&quot;:62,&quot;sticky_on&quot;:[&quot;tablet&quot;,&quot;mobile&quot;],&quot;sticky_effects_offset&quot;:0,&quot;sticky_anchor_link_offset&quot;:0}\">\n\t\t\t\t\t\t<div class=\"elementor-container elementor-column-gap-default\">\n\t\t\t\t\t<div class=\"elementor-column elementor-col-100 elementor-top-column elementor-element elementor-element-13c651f kyos-horizontal-nav-scroll\" data-id=\"13c651f\" data-element_type=\"column\">\n\t\t\t<div class=\"elementor-widget-wrap\">\n\t\t\t\t\t\t\t<\/div>\n\t\t<\/div>\n\t\t\t\t\t<\/div>\n\t\t<\/section>\n\t\t\t\t<section class=\"elementor-section elementor-top-section elementor-element elementor-element-61414b8a elementor-section-full_width elementor-section-height-default elementor-section-height-default\" data-id=\"61414b8a\" data-element_type=\"section\" data-settings=\"{&quot;background_background&quot;:&quot;classic&quot;}\">\n\t\t\t\t\t\t<div class=\"elementor-container elementor-column-gap-default\">\n\t\t\t\t\t<div class=\"elementor-column elementor-col-33 elementor-top-column elementor-element elementor-element-207a3566  kyos-vertical-menu elementor-hidden-mobile elementor-hidden-tablet\" data-id=\"207a3566\" data-element_type=\"column\">\n\t\t\t<div class=\"elementor-widget-wrap elementor-element-populated\">\n\t\t\t\t\t\t<div class=\"elementor-element elementor-element-220a6c4 kyos-fixed-item elementor-widget elementor-widget-template\" data-id=\"220a6c4\" data-element_type=\"widget\" data-widget_type=\"template.default\">\n\t\t\t\t<div class=\"elementor-widget-container\">\n\t\t\t\t\t\t\t<div class=\"elementor-template\">\n\t\t\t\t\t<div data-elementor-type=\"section\" data-elementor-id=\"1715\" class=\"elementor elementor-1715 elementor-941\" data-elementor-post-type=\"elementor_library\">\n\t\t\t\t\t<section class=\"elementor-section elementor-top-section elementor-element elementor-element-1a817b3 elementor-section-boxed elementor-section-height-default elementor-section-height-default\" data-id=\"1a817b3\" data-element_type=\"section\">\n\t\t\t\t\t\t<div class=\"elementor-container elementor-column-gap-default\">\n\t\t\t\t\t<div class=\"elementor-column elementor-col-100 elementor-top-column elementor-element elementor-element-c46ce32\" data-id=\"c46ce32\" data-element_type=\"column\">\n\t\t\t<div class=\"elementor-widget-wrap elementor-element-populated\">\n\t\t\t\t\t\t<section class=\"elementor-section elementor-inner-section elementor-element elementor-element-671c757 elementor-section-full_width elementor-section-height-default elementor-section-height-default\" data-id=\"671c757\" data-element_type=\"section\">\n\t\t\t\t\t\t<div class=\"elementor-container elementor-column-gap-default\">\n\t\t\t\t\t<div class=\"elementor-column elementor-col-33 elementor-inner-column elementor-element elementor-element-e715808\" data-id=\"e715808\" data-element_type=\"column\">\n\t\t\t<div class=\"elementor-widget-wrap elementor-element-populated\">\n\t\t\t\t\t\t<div class=\"elementor-element elementor-element-018df10 kyos-fixed-item elementor-view-default elementor-widget elementor-widget-icon\" data-id=\"018df10\" data-element_type=\"widget\" data-widget_type=\"icon.default\">\n\t\t\t\t<div class=\"elementor-widget-container\">\n\t\t\t\t\t\t\t<div class=\"elementor-icon-wrapper\">\n\t\t\t<a class=\"elementor-icon\" href=\"https:\/\/staging.kyos.ch\/kyos\/\">\n\t\t\t<svg xmlns=\"http:\/\/www.w3.org\/2000\/svg\" width=\"13.156\" height=\"30.354\" viewBox=\"0 0 13.156 30.354\"><path id=\"Trac&#xE9;_4010\" data-name=\"Trac&#xE9; 4010\" d=\"M5.261,15.187h0L13.156,0H7.912L0,15.187,7.912,30.354h5.244Z\" fill=\"#fff\"><\/path><\/svg>\t\t\t<\/a>\n\t\t<\/div>\n\t\t\t\t\t\t<\/div>\n\t\t\t\t<\/div>\n\t\t\t\t\t<\/div>\n\t\t<\/div>\n\t\t\t\t<div class=\"elementor-column elementor-col-33 elementor-inner-column elementor-element elementor-element-bea60eb\" data-id=\"bea60eb\" data-element_type=\"column\">\n\t\t\t<div class=\"elementor-widget-wrap elementor-element-populated\">\n\t\t\t\t\t\t<div class=\"elementor-element elementor-element-28796b2 kyos-fixed-item elementor-widget elementor-widget-text-editor\" data-id=\"28796b2\" data-element_type=\"widget\" data-widget_type=\"text-editor.default\">\n\t\t\t\t<div class=\"elementor-widget-container\">\n\t\t\t\t\t\t\t\t\t<p><a href=\"https:\/\/staging.kyos.ch\/de\/sicherheitslosungen\/\">Sicherheit<\/a><\/p>\t\t\t\t\t\t\t\t<\/div>\n\t\t\t\t<\/div>\n\t\t\t\t\t<\/div>\n\t\t<\/div>\n\t\t\t\t<div class=\"elementor-column elementor-col-33 elementor-inner-column elementor-element elementor-element-9bb27a1\" data-id=\"9bb27a1\" data-element_type=\"column\">\n\t\t\t<div class=\"elementor-widget-wrap\">\n\t\t\t\t\t\t\t<\/div>\n\t\t<\/div>\n\t\t\t\t\t<\/div>\n\t\t<\/section>\n\t\t\t\t\t<\/div>\n\t\t<\/div>\n\t\t\t\t\t<\/div>\n\t\t<\/section>\n\t\t\t\t<\/div>\n\t\t\t\t<\/div>\n\t\t\t\t\t\t<\/div>\n\t\t\t\t<\/div>\n\t\t\t\t\t<\/div>\n\t\t<\/div>\n\t\t\t\t<div class=\"elementor-column elementor-col-33 elementor-top-column elementor-element elementor-element-31065158\" data-id=\"31065158\" data-element_type=\"column\">\n\t\t\t<div class=\"elementor-widget-wrap elementor-element-populated\">\n\t\t\t\t\t\t<div class=\"elementor-element elementor-element-9831722 elementor-widget elementor-widget-heading\" data-id=\"9831722\" data-element_type=\"widget\" data-widget_type=\"heading.default\">\n\t\t\t\t<div class=\"elementor-widget-container\">\n\t\t\t\t\t<h1 class=\"elementor-heading-title elementor-size-default\">Identit\u00e4ts und Zugriffsmanagement<\/h1>\t\t\t\t<\/div>\n\t\t\t\t<\/div>\n\t\t\t\t<div class=\"elementor-element elementor-element-3c51679 elementor-widget elementor-widget-text-editor\" data-id=\"3c51679\" data-element_type=\"widget\" data-widget_type=\"text-editor.default\">\n\t\t\t\t<div class=\"elementor-widget-container\">\n\t\t\t\t\t\t\t\t\t<p>Mit der Vervielfachung der Zugriffspunkte und Informationsquellen ist es unerl\u00e4sslich geworden, die zahlreichen Teilnehmer in einem zunehmend offenen Informationssystem zu verwalten.<\/p>\n<p>Um Ihre Probleme in den Bereichen Identit\u00e4tsmanagement, R\u00fcckverfolgbarkeit und Zugangskontrolle zu l\u00f6sen, bietet KYOS einen flexiblen und skalierbaren Ansatz, der an Ihr Unternehmen und Ihre Einschr\u00e4nkungen angepasst ist und auf den f\u00fchrenden Marktteilnehmern basiert.<\/p>\t\t\t\t\t\t\t\t<\/div>\n\t\t\t\t<\/div>\n\t\t\t\t<div class=\"elementor-element elementor-element-07fd560 elementor-widget-divider--view-line elementor-widget elementor-widget-divider\" data-id=\"07fd560\" data-element_type=\"widget\" data-widget_type=\"divider.default\">\n\t\t\t\t<div class=\"elementor-widget-container\">\n\t\t\t\t\t\t\t<div class=\"elementor-divider\">\n\t\t\t<span class=\"elementor-divider-separator\">\n\t\t\t\t\t\t<\/span>\n\t\t<\/div>\n\t\t\t\t\t\t<\/div>\n\t\t\t\t<\/div>\n\t\t\t\t<div class=\"elementor-element elementor-element-b713a80 elementor-widget elementor-widget-text-editor\" data-id=\"b713a80\" data-element_type=\"widget\" data-widget_type=\"text-editor.default\">\n\t\t\t\t<div class=\"elementor-widget-container\">\n\t\t\t\t\t\t\t\t\t<p>In diesem Bereich bieten wir gemeinsam mit unseren Partnern folgende L\u00f6sungen an<\/p>\t\t\t\t\t\t\t\t<\/div>\n\t\t\t\t<\/div>\n\t\t\t\t\t<\/div>\n\t\t<\/div>\n\t\t\t\t<div class=\"elementor-column elementor-col-33 elementor-top-column elementor-element elementor-element-69010d7e elementor-hidden-phone elementor-hidden-tablet\" data-id=\"69010d7e\" data-element_type=\"column\">\n\t\t\t<div class=\"elementor-widget-wrap elementor-element-populated\">\n\t\t\t\t\t\t<div class=\"elementor-element elementor-element-39a0d7a kyos-fixed-item elementor-widget elementor-widget-template\" data-id=\"39a0d7a\" data-element_type=\"widget\" data-widget_type=\"template.default\">\n\t\t\t\t<div class=\"elementor-widget-container\">\n\t\t\t\t\t\t\t<div class=\"elementor-template\">\n\t\t\t\t\t<div data-elementor-type=\"section\" data-elementor-id=\"3782\" class=\"elementor elementor-3782 elementor-3711\" data-elementor-post-type=\"elementor_library\">\n\t\t\t\t\t<section class=\"elementor-section elementor-top-section elementor-element elementor-element-5238d6e elementor-section-boxed elementor-section-height-default elementor-section-height-default\" data-id=\"5238d6e\" data-element_type=\"section\">\n\t\t\t\t\t\t<div class=\"elementor-container elementor-column-gap-default\">\n\t\t\t\t\t<div class=\"elementor-column elementor-col-100 elementor-top-column elementor-element elementor-element-cd7e45e\" data-id=\"cd7e45e\" data-element_type=\"column\">\n\t\t\t<div class=\"elementor-widget-wrap elementor-element-populated\">\n\t\t\t\t\t\t<div class=\"elementor-element elementor-element-36b1da6 elementor-widget elementor-widget-text-editor\" data-id=\"36b1da6\" data-element_type=\"widget\" data-widget_type=\"text-editor.default\">\n\t\t\t\t<div class=\"elementor-widget-container\">\n\t\t\t\t\t\t\t\t\tMehr Informationen zu diesem Thema?\n\nWir sind gerne f\u00fcr Sie da!\t\t\t\t\t\t\t\t<\/div>\n\t\t\t\t<\/div>\n\t\t\t\t<div class=\"elementor-element elementor-element-63e064d elementor-widget elementor-widget-button\" data-id=\"63e064d\" data-element_type=\"widget\" data-widget_type=\"button.default\">\n\t\t\t\t<div class=\"elementor-widget-container\">\n\t\t\t\t\t\t\t\t\t<div class=\"elementor-button-wrapper\">\n\t\t\t\t\t<a class=\"elementor-button elementor-button-link elementor-size-sm\" href=\"#kyos-footer-bloc\">\n\t\t\t\t\t\t<span class=\"elementor-button-content-wrapper\">\n\t\t\t\t\t\t\t\t\t<span class=\"elementor-button-text\">Kontakt<\/span>\n\t\t\t\t\t<\/span>\n\t\t\t\t\t<\/a>\n\t\t\t\t<\/div>\n\t\t\t\t\t\t\t\t<\/div>\n\t\t\t\t<\/div>\n\t\t\t\t\t<\/div>\n\t\t<\/div>\n\t\t\t\t\t<\/div>\n\t\t<\/section>\n\t\t\t\t<\/div>\n\t\t\t\t<\/div>\n\t\t\t\t\t\t<\/div>\n\t\t\t\t<\/div>\n\t\t\t\t\t<\/div>\n\t\t<\/div>\n\t\t\t\t\t<\/div>\n\t\t<\/section>\n\t\t\t\t<\/div>\n\t\t","protected":false},"excerpt":{"rendered":"<p>Main Menu Audit und Penetrationstest Identit\u00e4t und Zugriff Perimeter und Inhalt Endpoint Security Daten und Verschl\u00fcsselung Ausbildung Ereignis Management Identit\u00e4ts und Zugriffsmanagement Mit der Vervielfachung der Zugriffspunkte und Informationsquellen ist es unerl\u00e4sslich geworden, die zahlreichen Teilnehmer in einem zunehmend offenen Informationssystem zu verwalten. Um Ihre Probleme in den Bereichen Identit\u00e4tsmanagement, R\u00fcckverfolgbarkeit und Zugangskontrolle zu l\u00f6sen, [&hellip;]<\/p>\n","protected":false},"author":1,"featured_media":0,"parent":1508,"menu_order":1,"comment_status":"closed","ping_status":"closed","template":"","meta":{"_acf_changed":false,"footnotes":""},"class_list":["post-1543","page","type-page","status-publish","hentry"],"acf":[],"yoast_head":"<!-- This site is optimized with the Yoast SEO plugin v26.4 - https:\/\/yoast.com\/wordpress\/plugins\/seo\/ -->\n<title>Identit\u00e4t und Zugriff - KYOS<\/title>\n<meta name=\"robots\" content=\"index, follow, max-snippet:-1, max-image-preview:large, max-video-preview:-1\" \/>\n<link rel=\"canonical\" href=\"https:\/\/staging.kyos.ch\/securite\/identite-acces\/\" \/>\n<meta property=\"og:locale\" content=\"de_DE\" \/>\n<meta property=\"og:type\" content=\"article\" \/>\n<meta property=\"og:title\" content=\"Identit\u00e4t und Zugriff - KYOS\" \/>\n<meta property=\"og:description\" content=\"Main Menu Audit und Penetrationstest Identit\u00e4t und Zugriff Perimeter und Inhalt Endpoint Security Daten und Verschl\u00fcsselung Ausbildung Ereignis Management Identit\u00e4ts und Zugriffsmanagement Mit der Vervielfachung der Zugriffspunkte und Informationsquellen ist es unerl\u00e4sslich geworden, die zahlreichen Teilnehmer in einem zunehmend offenen Informationssystem zu verwalten. Um Ihre Probleme in den Bereichen Identit\u00e4tsmanagement, R\u00fcckverfolgbarkeit und Zugangskontrolle zu l\u00f6sen, [&hellip;]\" \/>\n<meta property=\"og:url\" content=\"https:\/\/staging.kyos.ch\/securite\/identite-acces\/\" \/>\n<meta property=\"og:site_name\" content=\"KYOS\" \/>\n<meta property=\"article:modified_time\" content=\"2024-11-19T10:35:25+00:00\" \/>\n<meta name=\"twitter:card\" content=\"summary_large_image\" \/>\n<meta name=\"twitter:label1\" content=\"Gesch\u00e4tzte Lesezeit\" \/>\n\t<meta name=\"twitter:data1\" content=\"28\u00a0Minuten\" \/>\n<script type=\"application\/ld+json\" class=\"yoast-schema-graph\">{\"@context\":\"https:\/\/schema.org\",\"@graph\":[{\"@type\":\"WebPage\",\"@id\":\"https:\/\/staging.kyos.ch\/securite\/identite-acces\/\",\"url\":\"https:\/\/staging.kyos.ch\/securite\/identite-acces\/\",\"name\":\"Identit\u00e4t und Zugriff - KYOS\",\"isPartOf\":{\"@id\":\"https:\/\/staging.kyos.ch\/#website\"},\"datePublished\":\"2021-02-11T10:07:33+00:00\",\"dateModified\":\"2024-11-19T10:35:25+00:00\",\"breadcrumb\":{\"@id\":\"https:\/\/staging.kyos.ch\/securite\/identite-acces\/#breadcrumb\"},\"inLanguage\":\"de\",\"potentialAction\":[{\"@type\":\"ReadAction\",\"target\":[\"https:\/\/staging.kyos.ch\/securite\/identite-acces\/\"]}]},{\"@type\":\"BreadcrumbList\",\"@id\":\"https:\/\/staging.kyos.ch\/securite\/identite-acces\/#breadcrumb\",\"itemListElement\":[{\"@type\":\"ListItem\",\"position\":1,\"name\":\"Home\",\"item\":\"https:\/\/staging.kyos.ch\/de\/\"},{\"@type\":\"ListItem\",\"position\":2,\"name\":\"Sicherheit\",\"item\":\"https:\/\/staging.kyos.ch\/securite\/\"},{\"@type\":\"ListItem\",\"position\":3,\"name\":\"Identit\u00e4t und Zugriff\"}]},{\"@type\":\"WebSite\",\"@id\":\"https:\/\/staging.kyos.ch\/#website\",\"url\":\"https:\/\/staging.kyos.ch\/\",\"name\":\"KYOS\",\"description\":\"Better safe than sorry\",\"publisher\":{\"@id\":\"https:\/\/staging.kyos.ch\/#organization\"},\"potentialAction\":[{\"@type\":\"SearchAction\",\"target\":{\"@type\":\"EntryPoint\",\"urlTemplate\":\"https:\/\/staging.kyos.ch\/?s={search_term_string}\"},\"query-input\":{\"@type\":\"PropertyValueSpecification\",\"valueRequired\":true,\"valueName\":\"search_term_string\"}}],\"inLanguage\":\"de\"},{\"@type\":\"Organization\",\"@id\":\"https:\/\/staging.kyos.ch\/#organization\",\"name\":\"KYOS\",\"url\":\"https:\/\/staging.kyos.ch\/\",\"logo\":{\"@type\":\"ImageObject\",\"inLanguage\":\"de\",\"@id\":\"https:\/\/staging.kyos.ch\/#\/schema\/logo\/image\/\",\"url\":\"https:\/\/staging.kyos.ch\/wp-content\/uploads\/2021\/06\/01.kyos_.logo_.noir_.width_.360-1.png\",\"contentUrl\":\"https:\/\/staging.kyos.ch\/wp-content\/uploads\/2021\/06\/01.kyos_.logo_.noir_.width_.360-1.png\",\"width\":360,\"height\":80,\"caption\":\"KYOS\"},\"image\":{\"@id\":\"https:\/\/staging.kyos.ch\/#\/schema\/logo\/image\/\"}}]}<\/script>\n<!-- \/ Yoast SEO plugin. -->","yoast_head_json":{"title":"Identit\u00e4t und Zugriff - KYOS","robots":{"index":"index","follow":"follow","max-snippet":"max-snippet:-1","max-image-preview":"max-image-preview:large","max-video-preview":"max-video-preview:-1"},"canonical":"https:\/\/staging.kyos.ch\/securite\/identite-acces\/","og_locale":"de_DE","og_type":"article","og_title":"Identit\u00e4t und Zugriff - KYOS","og_description":"Main Menu Audit und Penetrationstest Identit\u00e4t und Zugriff Perimeter und Inhalt Endpoint Security Daten und Verschl\u00fcsselung Ausbildung Ereignis Management Identit\u00e4ts und Zugriffsmanagement Mit der Vervielfachung der Zugriffspunkte und Informationsquellen ist es unerl\u00e4sslich geworden, die zahlreichen Teilnehmer in einem zunehmend offenen Informationssystem zu verwalten. Um Ihre Probleme in den Bereichen Identit\u00e4tsmanagement, R\u00fcckverfolgbarkeit und Zugangskontrolle zu l\u00f6sen, [&hellip;]","og_url":"https:\/\/staging.kyos.ch\/securite\/identite-acces\/","og_site_name":"KYOS","article_modified_time":"2024-11-19T10:35:25+00:00","twitter_card":"summary_large_image","twitter_misc":{"Gesch\u00e4tzte Lesezeit":"28\u00a0Minuten"},"schema":{"@context":"https:\/\/schema.org","@graph":[{"@type":"WebPage","@id":"https:\/\/staging.kyos.ch\/securite\/identite-acces\/","url":"https:\/\/staging.kyos.ch\/securite\/identite-acces\/","name":"Identit\u00e4t und Zugriff - KYOS","isPartOf":{"@id":"https:\/\/staging.kyos.ch\/#website"},"datePublished":"2021-02-11T10:07:33+00:00","dateModified":"2024-11-19T10:35:25+00:00","breadcrumb":{"@id":"https:\/\/staging.kyos.ch\/securite\/identite-acces\/#breadcrumb"},"inLanguage":"de","potentialAction":[{"@type":"ReadAction","target":["https:\/\/staging.kyos.ch\/securite\/identite-acces\/"]}]},{"@type":"BreadcrumbList","@id":"https:\/\/staging.kyos.ch\/securite\/identite-acces\/#breadcrumb","itemListElement":[{"@type":"ListItem","position":1,"name":"Home","item":"https:\/\/staging.kyos.ch\/de\/"},{"@type":"ListItem","position":2,"name":"Sicherheit","item":"https:\/\/staging.kyos.ch\/securite\/"},{"@type":"ListItem","position":3,"name":"Identit\u00e4t und Zugriff"}]},{"@type":"WebSite","@id":"https:\/\/staging.kyos.ch\/#website","url":"https:\/\/staging.kyos.ch\/","name":"KYOS","description":"Better safe than sorry","publisher":{"@id":"https:\/\/staging.kyos.ch\/#organization"},"potentialAction":[{"@type":"SearchAction","target":{"@type":"EntryPoint","urlTemplate":"https:\/\/staging.kyos.ch\/?s={search_term_string}"},"query-input":{"@type":"PropertyValueSpecification","valueRequired":true,"valueName":"search_term_string"}}],"inLanguage":"de"},{"@type":"Organization","@id":"https:\/\/staging.kyos.ch\/#organization","name":"KYOS","url":"https:\/\/staging.kyos.ch\/","logo":{"@type":"ImageObject","inLanguage":"de","@id":"https:\/\/staging.kyos.ch\/#\/schema\/logo\/image\/","url":"https:\/\/staging.kyos.ch\/wp-content\/uploads\/2021\/06\/01.kyos_.logo_.noir_.width_.360-1.png","contentUrl":"https:\/\/staging.kyos.ch\/wp-content\/uploads\/2021\/06\/01.kyos_.logo_.noir_.width_.360-1.png","width":360,"height":80,"caption":"KYOS"},"image":{"@id":"https:\/\/staging.kyos.ch\/#\/schema\/logo\/image\/"}}]}},"_links":{"self":[{"href":"https:\/\/staging.kyos.ch\/de\/wp-json\/wp\/v2\/pages\/1543","targetHints":{"allow":["GET"]}}],"collection":[{"href":"https:\/\/staging.kyos.ch\/de\/wp-json\/wp\/v2\/pages"}],"about":[{"href":"https:\/\/staging.kyos.ch\/de\/wp-json\/wp\/v2\/types\/page"}],"author":[{"embeddable":true,"href":"https:\/\/staging.kyos.ch\/de\/wp-json\/wp\/v2\/users\/1"}],"replies":[{"embeddable":true,"href":"https:\/\/staging.kyos.ch\/de\/wp-json\/wp\/v2\/comments?post=1543"}],"version-history":[{"count":7,"href":"https:\/\/staging.kyos.ch\/de\/wp-json\/wp\/v2\/pages\/1543\/revisions"}],"predecessor-version":[{"id":20338,"href":"https:\/\/staging.kyos.ch\/de\/wp-json\/wp\/v2\/pages\/1543\/revisions\/20338"}],"up":[{"embeddable":true,"href":"https:\/\/staging.kyos.ch\/de\/wp-json\/wp\/v2\/pages\/1508"}],"wp:attachment":[{"href":"https:\/\/staging.kyos.ch\/de\/wp-json\/wp\/v2\/media?parent=1543"}],"curies":[{"name":"wp","href":"https:\/\/api.w.org\/{rel}","templated":true}]}}