{"id":1546,"date":"2021-02-11T11:23:32","date_gmt":"2021-02-11T10:23:32","guid":{"rendered":"https:\/\/www.kyos.ch\/sicherheitslosungen\/chiffrement\/"},"modified":"2024-11-19T11:36:16","modified_gmt":"2024-11-19T10:36:16","slug":"verschlusselung","status":"publish","type":"page","link":"https:\/\/staging.kyos.ch\/de\/sicherheitslosungen\/verschlusselung\/","title":{"rendered":"Daten und Verschl\u00fcsselung"},"content":{"rendered":"\t\t<div data-elementor-type=\"wp-page\" data-elementor-id=\"1546\" class=\"elementor elementor-1546 elementor-970\" data-elementor-post-type=\"page\">\n\t\t\t\t\t\t<section class=\"elementor-section elementor-top-section elementor-element elementor-element-0a20a34 elementor-section-full_width elementor-hidden-desktop elementor-section-height-default elementor-section-height-default\" data-id=\"0a20a34\" data-element_type=\"section\" data-settings=\"{&quot;background_background&quot;:&quot;classic&quot;,&quot;sticky&quot;:&quot;top&quot;,&quot;sticky_offset&quot;:62,&quot;sticky_on&quot;:[&quot;tablet&quot;,&quot;mobile&quot;],&quot;sticky_effects_offset&quot;:0,&quot;sticky_anchor_link_offset&quot;:0}\">\n\t\t\t\t\t\t<div class=\"elementor-container elementor-column-gap-default\">\n\t\t\t\t\t<div class=\"elementor-column elementor-col-100 elementor-top-column elementor-element elementor-element-c846aa0 kyos-horizontal-nav-scroll\" data-id=\"c846aa0\" data-element_type=\"column\">\n\t\t\t<div class=\"elementor-widget-wrap\">\n\t\t\t\t\t\t\t<\/div>\n\t\t<\/div>\n\t\t\t\t\t<\/div>\n\t\t<\/section>\n\t\t\t\t<section class=\"elementor-section elementor-top-section elementor-element elementor-element-7164ba9c elementor-section-full_width elementor-section-height-default elementor-section-height-default\" data-id=\"7164ba9c\" data-element_type=\"section\" data-settings=\"{&quot;background_background&quot;:&quot;classic&quot;}\">\n\t\t\t\t\t\t<div class=\"elementor-container elementor-column-gap-default\">\n\t\t\t\t\t<div class=\"elementor-column elementor-col-33 elementor-top-column elementor-element elementor-element-a3d0153  kyos-vertical-menu elementor-hidden-mobile elementor-hidden-tablet\" data-id=\"a3d0153\" data-element_type=\"column\">\n\t\t\t<div class=\"elementor-widget-wrap elementor-element-populated\">\n\t\t\t\t\t\t<div class=\"elementor-element elementor-element-c50bab0 kyos-fixed-item elementor-widget elementor-widget-template\" data-id=\"c50bab0\" data-element_type=\"widget\" data-widget_type=\"template.default\">\n\t\t\t\t<div class=\"elementor-widget-container\">\n\t\t\t\t\t\t\t<div class=\"elementor-template\">\n\t\t\t\t\t<div data-elementor-type=\"section\" data-elementor-id=\"1715\" class=\"elementor elementor-1715 elementor-941\" data-elementor-post-type=\"elementor_library\">\n\t\t\t\t\t<section class=\"elementor-section elementor-top-section elementor-element elementor-element-1a817b3 elementor-section-boxed elementor-section-height-default elementor-section-height-default\" data-id=\"1a817b3\" data-element_type=\"section\">\n\t\t\t\t\t\t<div class=\"elementor-container elementor-column-gap-default\">\n\t\t\t\t\t<div class=\"elementor-column elementor-col-100 elementor-top-column elementor-element elementor-element-c46ce32\" data-id=\"c46ce32\" data-element_type=\"column\">\n\t\t\t<div class=\"elementor-widget-wrap elementor-element-populated\">\n\t\t\t\t\t\t<section class=\"elementor-section elementor-inner-section elementor-element elementor-element-671c757 elementor-section-full_width elementor-section-height-default elementor-section-height-default\" data-id=\"671c757\" data-element_type=\"section\">\n\t\t\t\t\t\t<div class=\"elementor-container elementor-column-gap-default\">\n\t\t\t\t\t<div class=\"elementor-column elementor-col-33 elementor-inner-column elementor-element elementor-element-e715808\" data-id=\"e715808\" data-element_type=\"column\">\n\t\t\t<div class=\"elementor-widget-wrap elementor-element-populated\">\n\t\t\t\t\t\t<div class=\"elementor-element elementor-element-018df10 kyos-fixed-item elementor-view-default elementor-widget elementor-widget-icon\" data-id=\"018df10\" data-element_type=\"widget\" data-widget_type=\"icon.default\">\n\t\t\t\t<div class=\"elementor-widget-container\">\n\t\t\t\t\t\t\t<div class=\"elementor-icon-wrapper\">\n\t\t\t<a class=\"elementor-icon\" href=\"https:\/\/staging.kyos.ch\/kyos\/\">\n\t\t\t<svg xmlns=\"http:\/\/www.w3.org\/2000\/svg\" width=\"13.156\" height=\"30.354\" viewBox=\"0 0 13.156 30.354\"><path id=\"Trac&#xE9;_4010\" data-name=\"Trac&#xE9; 4010\" d=\"M5.261,15.187h0L13.156,0H7.912L0,15.187,7.912,30.354h5.244Z\" fill=\"#fff\"><\/path><\/svg>\t\t\t<\/a>\n\t\t<\/div>\n\t\t\t\t\t\t<\/div>\n\t\t\t\t<\/div>\n\t\t\t\t\t<\/div>\n\t\t<\/div>\n\t\t\t\t<div class=\"elementor-column elementor-col-33 elementor-inner-column elementor-element elementor-element-bea60eb\" data-id=\"bea60eb\" data-element_type=\"column\">\n\t\t\t<div class=\"elementor-widget-wrap elementor-element-populated\">\n\t\t\t\t\t\t<div class=\"elementor-element elementor-element-28796b2 kyos-fixed-item elementor-widget elementor-widget-text-editor\" data-id=\"28796b2\" data-element_type=\"widget\" data-widget_type=\"text-editor.default\">\n\t\t\t\t<div class=\"elementor-widget-container\">\n\t\t\t\t\t\t\t\t\t<p><a href=\"https:\/\/staging.kyos.ch\/de\/sicherheitslosungen\/\">Sicherheit<\/a><\/p>\t\t\t\t\t\t\t\t<\/div>\n\t\t\t\t<\/div>\n\t\t\t\t\t<\/div>\n\t\t<\/div>\n\t\t\t\t<div class=\"elementor-column elementor-col-33 elementor-inner-column elementor-element elementor-element-9bb27a1\" data-id=\"9bb27a1\" data-element_type=\"column\">\n\t\t\t<div class=\"elementor-widget-wrap\">\n\t\t\t\t\t\t\t<\/div>\n\t\t<\/div>\n\t\t\t\t\t<\/div>\n\t\t<\/section>\n\t\t\t\t\t<\/div>\n\t\t<\/div>\n\t\t\t\t\t<\/div>\n\t\t<\/section>\n\t\t\t\t<\/div>\n\t\t\t\t<\/div>\n\t\t\t\t\t\t<\/div>\n\t\t\t\t<\/div>\n\t\t\t\t\t<\/div>\n\t\t<\/div>\n\t\t\t\t<div class=\"elementor-column elementor-col-33 elementor-top-column elementor-element elementor-element-6a5134cc\" data-id=\"6a5134cc\" data-element_type=\"column\">\n\t\t\t<div class=\"elementor-widget-wrap elementor-element-populated\">\n\t\t\t\t\t\t<div class=\"elementor-element elementor-element-5b9bcef elementor-widget elementor-widget-heading\" data-id=\"5b9bcef\" data-element_type=\"widget\" data-widget_type=\"heading.default\">\n\t\t\t\t<div class=\"elementor-widget-container\">\n\t\t\t\t\t<h1 class=\"elementor-heading-title elementor-size-default\">Datensicherung und Verschl\u00fcsselung<\/h1>\t\t\t\t<\/div>\n\t\t\t\t<\/div>\n\t\t\t\t<div class=\"elementor-element elementor-element-8987212 elementor-widget elementor-widget-text-editor\" data-id=\"8987212\" data-element_type=\"widget\" data-widget_type=\"text-editor.default\">\n\t\t\t\t<div class=\"elementor-widget-container\">\n\t\t\t\t\t\t\t\t\t<p><span lang=\"DE-CH\">Wir sind davon \u00fcberzeugt, dass sich der&nbsp;Perimeter-Ansatz zur Sicherheit hin zu einer Vision entwickeln sollte, in deren Mittelpunkt der Schutz von Daten und Zug\u00e4ngen steht.<\/span><\/p>\n<p><span lang=\"DE-CH\">KYOS stellt Ihnen sein Fachwissen und seine leistungsstarken L\u00f6sungen zur Verf\u00fcgung, um Ihre Bed\u00fcrfnisse in Bezug auf:<\/span><\/p>\t\t\t\t\t\t\t\t<\/div>\n\t\t\t\t<\/div>\n\t\t\t\t<div class=\"elementor-element elementor-element-33f7d53 elementor-icon-list--layout-traditional elementor-list-item-link-full_width elementor-widget elementor-widget-icon-list\" data-id=\"33f7d53\" data-element_type=\"widget\" data-widget_type=\"icon-list.default\">\n\t\t\t\t<div class=\"elementor-widget-container\">\n\t\t\t\t\t\t\t<ul class=\"elementor-icon-list-items\">\n\t\t\t\t\t\t\t<li class=\"elementor-icon-list-item\">\n\t\t\t\t\t\t\t\t\t\t\t<span class=\"elementor-icon-list-icon\">\n\t\t\t\t\t\t\t<svg xmlns=\"http:\/\/www.w3.org\/2000\/svg\" width=\"5.216\" height=\"12.035\" viewBox=\"0 0 5.216 12.035\"><path id=\"Trac&#xE9;_4058\" data-name=\"Trac&#xE9; 4058\" d=\"M2.086,6.022h0L5.216,0H3.137L0,6.022l3.137,6.013H5.216Z\" transform=\"translate(5.216 12.035) rotate(180)\" fill=\"#fff\"><\/path><\/svg>\t\t\t\t\t\t<\/span>\n\t\t\t\t\t\t\t\t\t\t<span class=\"elementor-icon-list-text\">Schutz Ihrer Daten \"at-rest\" durch Verschl\u00fcsselung, Tokenisierung oder Datenmaskierung<\/span>\n\t\t\t\t\t\t\t\t\t<\/li>\n\t\t\t\t\t\t\t\t<li class=\"elementor-icon-list-item\">\n\t\t\t\t\t\t\t\t\t\t\t<span class=\"elementor-icon-list-icon\">\n\t\t\t\t\t\t\t<svg xmlns=\"http:\/\/www.w3.org\/2000\/svg\" width=\"5.216\" height=\"12.035\" viewBox=\"0 0 5.216 12.035\"><path id=\"Trac&#xE9;_4058\" data-name=\"Trac&#xE9; 4058\" d=\"M2.086,6.022h0L5.216,0H3.137L0,6.022l3.137,6.013H5.216Z\" transform=\"translate(5.216 12.035) rotate(180)\" fill=\"#fff\"><\/path><\/svg>\t\t\t\t\t\t<\/span>\n\t\t\t\t\t\t\t\t\t\t<span class=\"elementor-icon-list-text\">Schutz Ihrer Daten bei der \u00dcbertragung durch Verschl\u00fcsselung Ihrer Netzwerkverbindungen<\/span>\n\t\t\t\t\t\t\t\t\t<\/li>\n\t\t\t\t\t\t\t\t<li class=\"elementor-icon-list-item\">\n\t\t\t\t\t\t\t\t\t\t\t<span class=\"elementor-icon-list-icon\">\n\t\t\t\t\t\t\t<svg xmlns=\"http:\/\/www.w3.org\/2000\/svg\" width=\"5.216\" height=\"12.035\" viewBox=\"0 0 5.216 12.035\"><path id=\"Trac&#xE9;_4058\" data-name=\"Trac&#xE9; 4058\" d=\"M2.086,6.022h0L5.216,0H3.137L0,6.022l3.137,6.013H5.216Z\" transform=\"translate(5.216 12.035) rotate(180)\" fill=\"#fff\"><\/path><\/svg>\t\t\t\t\t\t<\/span>\n\t\t\t\t\t\t\t\t\t\t<span class=\"elementor-icon-list-text\">Schutz Ihrer Daten bei der \u00dcbertragung durch Verschl\u00fcsselung Ihrer Netzwerkverbindungen<\/span>\n\t\t\t\t\t\t\t\t\t<\/li>\n\t\t\t\t\t\t\t\t<li class=\"elementor-icon-list-item\">\n\t\t\t\t\t\t\t\t\t\t\t<span class=\"elementor-icon-list-icon\">\n\t\t\t\t\t\t\t<svg xmlns=\"http:\/\/www.w3.org\/2000\/svg\" width=\"5.216\" height=\"12.035\" viewBox=\"0 0 5.216 12.035\"><path id=\"Trac&#xE9;_4058\" data-name=\"Trac&#xE9; 4058\" d=\"M2.086,6.022h0L5.216,0H3.137L0,6.022l3.137,6.013H5.216Z\" transform=\"translate(5.216 12.035) rotate(180)\" fill=\"#fff\"><\/path><\/svg>\t\t\t\t\t\t<\/span>\n\t\t\t\t\t\t\t\t\t\t<span class=\"elementor-icon-list-text\">Sichere Schl\u00fcsselerzeugung oder Speicherl\u00f6sung<\/span>\n\t\t\t\t\t\t\t\t\t<\/li>\n\t\t\t\t\t\t\t\t<li class=\"elementor-icon-list-item\">\n\t\t\t\t\t\t\t\t\t\t\t<span class=\"elementor-icon-list-icon\">\n\t\t\t\t\t\t\t<svg xmlns=\"http:\/\/www.w3.org\/2000\/svg\" width=\"5.216\" height=\"12.035\" viewBox=\"0 0 5.216 12.035\"><path id=\"Trac&#xE9;_4058\" data-name=\"Trac&#xE9; 4058\" d=\"M2.086,6.022h0L5.216,0H3.137L0,6.022l3.137,6.013H5.216Z\" transform=\"translate(5.216 12.035) rotate(180)\" fill=\"#fff\"><\/path><\/svg>\t\t\t\t\t\t<\/span>\n\t\t\t\t\t\t\t\t\t\t<span class=\"elementor-icon-list-text\">Signatur- und Transaktionssicherheit<\/span>\n\t\t\t\t\t\t\t\t\t<\/li>\n\t\t\t\t\t\t<\/ul>\n\t\t\t\t\t\t<\/div>\n\t\t\t\t<\/div>\n\t\t\t\t<div class=\"elementor-element elementor-element-cf13f08 elementor-widget-divider--view-line elementor-widget elementor-widget-divider\" data-id=\"cf13f08\" data-element_type=\"widget\" data-widget_type=\"divider.default\">\n\t\t\t\t<div class=\"elementor-widget-container\">\n\t\t\t\t\t\t\t<div class=\"elementor-divider\">\n\t\t\t<span class=\"elementor-divider-separator\">\n\t\t\t\t\t\t<\/span>\n\t\t<\/div>\n\t\t\t\t\t\t<\/div>\n\t\t\t\t<\/div>\n\t\t\t\t<div class=\"elementor-element elementor-element-9475ef4 elementor-widget elementor-widget-text-editor\" data-id=\"9475ef4\" data-element_type=\"widget\" data-widget_type=\"text-editor.default\">\n\t\t\t\t<div class=\"elementor-widget-container\">\n\t\t\t\t\t\t\t\t\t<p>In diesem Bereich bieten wir gemeinsam mit unseren Partnern folgende L\u00f6sungen an<\/p>\t\t\t\t\t\t\t\t<\/div>\n\t\t\t\t<\/div>\n\t\t\t\t\t<\/div>\n\t\t<\/div>\n\t\t\t\t<div class=\"elementor-column elementor-col-33 elementor-top-column elementor-element elementor-element-20ad90f6 elementor-hidden-phone elementor-hidden-tablet\" data-id=\"20ad90f6\" data-element_type=\"column\">\n\t\t\t<div class=\"elementor-widget-wrap elementor-element-populated\">\n\t\t\t\t\t\t<div class=\"elementor-element elementor-element-c2e7f46 kyos-fixed-item elementor-widget elementor-widget-template\" data-id=\"c2e7f46\" data-element_type=\"widget\" data-widget_type=\"template.default\">\n\t\t\t\t<div class=\"elementor-widget-container\">\n\t\t\t\t\t\t\t<div class=\"elementor-template\">\n\t\t\t\t\t<div data-elementor-type=\"section\" data-elementor-id=\"3782\" class=\"elementor elementor-3782 elementor-3711\" data-elementor-post-type=\"elementor_library\">\n\t\t\t\t\t<section class=\"elementor-section elementor-top-section elementor-element elementor-element-5238d6e elementor-section-boxed elementor-section-height-default elementor-section-height-default\" data-id=\"5238d6e\" data-element_type=\"section\">\n\t\t\t\t\t\t<div class=\"elementor-container elementor-column-gap-default\">\n\t\t\t\t\t<div class=\"elementor-column elementor-col-100 elementor-top-column elementor-element elementor-element-cd7e45e\" data-id=\"cd7e45e\" data-element_type=\"column\">\n\t\t\t<div class=\"elementor-widget-wrap elementor-element-populated\">\n\t\t\t\t\t\t<div class=\"elementor-element elementor-element-36b1da6 elementor-widget elementor-widget-text-editor\" data-id=\"36b1da6\" data-element_type=\"widget\" data-widget_type=\"text-editor.default\">\n\t\t\t\t<div class=\"elementor-widget-container\">\n\t\t\t\t\t\t\t\t\tMehr Informationen zu diesem Thema?\n\nWir sind gerne f\u00fcr Sie da!\t\t\t\t\t\t\t\t<\/div>\n\t\t\t\t<\/div>\n\t\t\t\t<div class=\"elementor-element elementor-element-63e064d elementor-widget elementor-widget-button\" data-id=\"63e064d\" data-element_type=\"widget\" data-widget_type=\"button.default\">\n\t\t\t\t<div class=\"elementor-widget-container\">\n\t\t\t\t\t\t\t\t\t<div class=\"elementor-button-wrapper\">\n\t\t\t\t\t<a class=\"elementor-button elementor-button-link elementor-size-sm\" href=\"#kyos-footer-bloc\">\n\t\t\t\t\t\t<span class=\"elementor-button-content-wrapper\">\n\t\t\t\t\t\t\t\t\t<span class=\"elementor-button-text\">Kontakt<\/span>\n\t\t\t\t\t<\/span>\n\t\t\t\t\t<\/a>\n\t\t\t\t<\/div>\n\t\t\t\t\t\t\t\t<\/div>\n\t\t\t\t<\/div>\n\t\t\t\t\t<\/div>\n\t\t<\/div>\n\t\t\t\t\t<\/div>\n\t\t<\/section>\n\t\t\t\t<\/div>\n\t\t\t\t<\/div>\n\t\t\t\t\t\t<\/div>\n\t\t\t\t<\/div>\n\t\t\t\t\t<\/div>\n\t\t<\/div>\n\t\t\t\t\t<\/div>\n\t\t<\/section>\n\t\t\t\t<\/div>\n\t\t","protected":false},"excerpt":{"rendered":"<p>Main Menu Audit und Penetrationstest Identit\u00e4t und Zugriff Perimeter und Inhalt Endpoint Security Daten und Verschl\u00fcsselung Ausbildung Ereignis Management Datensicherung und Verschl\u00fcsselung Wir sind davon \u00fcberzeugt, dass sich der&nbsp;Perimeter-Ansatz zur Sicherheit hin zu einer Vision entwickeln sollte, in deren Mittelpunkt der Schutz von Daten und Zug\u00e4ngen steht. KYOS stellt Ihnen sein Fachwissen und seine leistungsstarken [&hellip;]<\/p>\n","protected":false},"author":1,"featured_media":0,"parent":1508,"menu_order":4,"comment_status":"closed","ping_status":"closed","template":"","meta":{"_acf_changed":false,"footnotes":""},"class_list":["post-1546","page","type-page","status-publish","hentry"],"acf":[],"yoast_head":"<!-- This site is optimized with the Yoast SEO plugin v26.4 - https:\/\/yoast.com\/wordpress\/plugins\/seo\/ -->\n<title>Daten und Verschl\u00fcsselung - KYOS<\/title>\n<meta name=\"robots\" content=\"index, follow, max-snippet:-1, max-image-preview:large, max-video-preview:-1\" \/>\n<link rel=\"canonical\" href=\"https:\/\/staging.kyos.ch\/securite\/chiffrement\/\" \/>\n<meta property=\"og:locale\" content=\"de_DE\" \/>\n<meta property=\"og:type\" content=\"article\" \/>\n<meta property=\"og:title\" content=\"Daten und Verschl\u00fcsselung - KYOS\" \/>\n<meta property=\"og:description\" content=\"Main Menu Audit und Penetrationstest Identit\u00e4t und Zugriff Perimeter und Inhalt Endpoint Security Daten und Verschl\u00fcsselung Ausbildung Ereignis Management Datensicherung und Verschl\u00fcsselung Wir sind davon \u00fcberzeugt, dass sich der&nbsp;Perimeter-Ansatz zur Sicherheit hin zu einer Vision entwickeln sollte, in deren Mittelpunkt der Schutz von Daten und Zug\u00e4ngen steht. KYOS stellt Ihnen sein Fachwissen und seine leistungsstarken [&hellip;]\" \/>\n<meta property=\"og:url\" content=\"https:\/\/staging.kyos.ch\/securite\/chiffrement\/\" \/>\n<meta property=\"og:site_name\" content=\"KYOS\" \/>\n<meta property=\"article:modified_time\" content=\"2024-11-19T10:36:16+00:00\" \/>\n<meta name=\"twitter:card\" content=\"summary_large_image\" \/>\n<meta name=\"twitter:label1\" content=\"Gesch\u00e4tzte Lesezeit\" \/>\n\t<meta name=\"twitter:data1\" content=\"23\u00a0Minuten\" \/>\n<script type=\"application\/ld+json\" class=\"yoast-schema-graph\">{\"@context\":\"https:\/\/schema.org\",\"@graph\":[{\"@type\":\"WebPage\",\"@id\":\"https:\/\/staging.kyos.ch\/securite\/chiffrement\/\",\"url\":\"https:\/\/staging.kyos.ch\/securite\/chiffrement\/\",\"name\":\"Daten und Verschl\u00fcsselung - KYOS\",\"isPartOf\":{\"@id\":\"https:\/\/staging.kyos.ch\/#website\"},\"datePublished\":\"2021-02-11T10:23:32+00:00\",\"dateModified\":\"2024-11-19T10:36:16+00:00\",\"breadcrumb\":{\"@id\":\"https:\/\/staging.kyos.ch\/securite\/chiffrement\/#breadcrumb\"},\"inLanguage\":\"de\",\"potentialAction\":[{\"@type\":\"ReadAction\",\"target\":[\"https:\/\/staging.kyos.ch\/securite\/chiffrement\/\"]}]},{\"@type\":\"BreadcrumbList\",\"@id\":\"https:\/\/staging.kyos.ch\/securite\/chiffrement\/#breadcrumb\",\"itemListElement\":[{\"@type\":\"ListItem\",\"position\":1,\"name\":\"Home\",\"item\":\"https:\/\/staging.kyos.ch\/de\/\"},{\"@type\":\"ListItem\",\"position\":2,\"name\":\"Sicherheit\",\"item\":\"https:\/\/staging.kyos.ch\/securite\/\"},{\"@type\":\"ListItem\",\"position\":3,\"name\":\"Daten und Verschl\u00fcsselung\"}]},{\"@type\":\"WebSite\",\"@id\":\"https:\/\/staging.kyos.ch\/#website\",\"url\":\"https:\/\/staging.kyos.ch\/\",\"name\":\"KYOS\",\"description\":\"Better safe than sorry\",\"publisher\":{\"@id\":\"https:\/\/staging.kyos.ch\/#organization\"},\"potentialAction\":[{\"@type\":\"SearchAction\",\"target\":{\"@type\":\"EntryPoint\",\"urlTemplate\":\"https:\/\/staging.kyos.ch\/?s={search_term_string}\"},\"query-input\":{\"@type\":\"PropertyValueSpecification\",\"valueRequired\":true,\"valueName\":\"search_term_string\"}}],\"inLanguage\":\"de\"},{\"@type\":\"Organization\",\"@id\":\"https:\/\/staging.kyos.ch\/#organization\",\"name\":\"KYOS\",\"url\":\"https:\/\/staging.kyos.ch\/\",\"logo\":{\"@type\":\"ImageObject\",\"inLanguage\":\"de\",\"@id\":\"https:\/\/staging.kyos.ch\/#\/schema\/logo\/image\/\",\"url\":\"https:\/\/staging.kyos.ch\/wp-content\/uploads\/2021\/06\/01.kyos_.logo_.noir_.width_.360-1.png\",\"contentUrl\":\"https:\/\/staging.kyos.ch\/wp-content\/uploads\/2021\/06\/01.kyos_.logo_.noir_.width_.360-1.png\",\"width\":360,\"height\":80,\"caption\":\"KYOS\"},\"image\":{\"@id\":\"https:\/\/staging.kyos.ch\/#\/schema\/logo\/image\/\"}}]}<\/script>\n<!-- \/ Yoast SEO plugin. -->","yoast_head_json":{"title":"Daten und Verschl\u00fcsselung - KYOS","robots":{"index":"index","follow":"follow","max-snippet":"max-snippet:-1","max-image-preview":"max-image-preview:large","max-video-preview":"max-video-preview:-1"},"canonical":"https:\/\/staging.kyos.ch\/securite\/chiffrement\/","og_locale":"de_DE","og_type":"article","og_title":"Daten und Verschl\u00fcsselung - KYOS","og_description":"Main Menu Audit und Penetrationstest Identit\u00e4t und Zugriff Perimeter und Inhalt Endpoint Security Daten und Verschl\u00fcsselung Ausbildung Ereignis Management Datensicherung und Verschl\u00fcsselung Wir sind davon \u00fcberzeugt, dass sich der&nbsp;Perimeter-Ansatz zur Sicherheit hin zu einer Vision entwickeln sollte, in deren Mittelpunkt der Schutz von Daten und Zug\u00e4ngen steht. KYOS stellt Ihnen sein Fachwissen und seine leistungsstarken [&hellip;]","og_url":"https:\/\/staging.kyos.ch\/securite\/chiffrement\/","og_site_name":"KYOS","article_modified_time":"2024-11-19T10:36:16+00:00","twitter_card":"summary_large_image","twitter_misc":{"Gesch\u00e4tzte Lesezeit":"23\u00a0Minuten"},"schema":{"@context":"https:\/\/schema.org","@graph":[{"@type":"WebPage","@id":"https:\/\/staging.kyos.ch\/securite\/chiffrement\/","url":"https:\/\/staging.kyos.ch\/securite\/chiffrement\/","name":"Daten und Verschl\u00fcsselung - KYOS","isPartOf":{"@id":"https:\/\/staging.kyos.ch\/#website"},"datePublished":"2021-02-11T10:23:32+00:00","dateModified":"2024-11-19T10:36:16+00:00","breadcrumb":{"@id":"https:\/\/staging.kyos.ch\/securite\/chiffrement\/#breadcrumb"},"inLanguage":"de","potentialAction":[{"@type":"ReadAction","target":["https:\/\/staging.kyos.ch\/securite\/chiffrement\/"]}]},{"@type":"BreadcrumbList","@id":"https:\/\/staging.kyos.ch\/securite\/chiffrement\/#breadcrumb","itemListElement":[{"@type":"ListItem","position":1,"name":"Home","item":"https:\/\/staging.kyos.ch\/de\/"},{"@type":"ListItem","position":2,"name":"Sicherheit","item":"https:\/\/staging.kyos.ch\/securite\/"},{"@type":"ListItem","position":3,"name":"Daten und Verschl\u00fcsselung"}]},{"@type":"WebSite","@id":"https:\/\/staging.kyos.ch\/#website","url":"https:\/\/staging.kyos.ch\/","name":"KYOS","description":"Better safe than sorry","publisher":{"@id":"https:\/\/staging.kyos.ch\/#organization"},"potentialAction":[{"@type":"SearchAction","target":{"@type":"EntryPoint","urlTemplate":"https:\/\/staging.kyos.ch\/?s={search_term_string}"},"query-input":{"@type":"PropertyValueSpecification","valueRequired":true,"valueName":"search_term_string"}}],"inLanguage":"de"},{"@type":"Organization","@id":"https:\/\/staging.kyos.ch\/#organization","name":"KYOS","url":"https:\/\/staging.kyos.ch\/","logo":{"@type":"ImageObject","inLanguage":"de","@id":"https:\/\/staging.kyos.ch\/#\/schema\/logo\/image\/","url":"https:\/\/staging.kyos.ch\/wp-content\/uploads\/2021\/06\/01.kyos_.logo_.noir_.width_.360-1.png","contentUrl":"https:\/\/staging.kyos.ch\/wp-content\/uploads\/2021\/06\/01.kyos_.logo_.noir_.width_.360-1.png","width":360,"height":80,"caption":"KYOS"},"image":{"@id":"https:\/\/staging.kyos.ch\/#\/schema\/logo\/image\/"}}]}},"_links":{"self":[{"href":"https:\/\/staging.kyos.ch\/de\/wp-json\/wp\/v2\/pages\/1546","targetHints":{"allow":["GET"]}}],"collection":[{"href":"https:\/\/staging.kyos.ch\/de\/wp-json\/wp\/v2\/pages"}],"about":[{"href":"https:\/\/staging.kyos.ch\/de\/wp-json\/wp\/v2\/types\/page"}],"author":[{"embeddable":true,"href":"https:\/\/staging.kyos.ch\/de\/wp-json\/wp\/v2\/users\/1"}],"replies":[{"embeddable":true,"href":"https:\/\/staging.kyos.ch\/de\/wp-json\/wp\/v2\/comments?post=1546"}],"version-history":[{"count":13,"href":"https:\/\/staging.kyos.ch\/de\/wp-json\/wp\/v2\/pages\/1546\/revisions"}],"predecessor-version":[{"id":20347,"href":"https:\/\/staging.kyos.ch\/de\/wp-json\/wp\/v2\/pages\/1546\/revisions\/20347"}],"up":[{"embeddable":true,"href":"https:\/\/staging.kyos.ch\/de\/wp-json\/wp\/v2\/pages\/1508"}],"wp:attachment":[{"href":"https:\/\/staging.kyos.ch\/de\/wp-json\/wp\/v2\/media?parent=1546"}],"curies":[{"name":"wp","href":"https:\/\/api.w.org\/{rel}","templated":true}]}}