{"id":1548,"date":"2021-02-11T11:56:20","date_gmt":"2021-02-11T10:56:20","guid":{"rendered":"https:\/\/www.kyos.ch\/sicherheitslosungen\/security-essentials\/"},"modified":"2024-11-19T11:36:34","modified_gmt":"2024-11-19T10:36:34","slug":"security-essentials","status":"publish","type":"page","link":"https:\/\/staging.kyos.ch\/de\/sicherheitslosungen\/security-essentials\/","title":{"rendered":"Ereignis Management"},"content":{"rendered":"\t\t<div data-elementor-type=\"wp-page\" data-elementor-id=\"1548\" class=\"elementor elementor-1548 elementor-986\" data-elementor-post-type=\"page\">\n\t\t\t\t\t\t<section class=\"elementor-section elementor-top-section elementor-element elementor-element-2ed1b08 elementor-section-full_width elementor-hidden-desktop elementor-section-height-default elementor-section-height-default\" data-id=\"2ed1b08\" data-element_type=\"section\" data-settings=\"{&quot;background_background&quot;:&quot;classic&quot;,&quot;sticky&quot;:&quot;top&quot;,&quot;sticky_offset&quot;:62,&quot;sticky_on&quot;:[&quot;tablet&quot;,&quot;mobile&quot;],&quot;sticky_effects_offset&quot;:0,&quot;sticky_anchor_link_offset&quot;:0}\">\n\t\t\t\t\t\t<div class=\"elementor-container elementor-column-gap-default\">\n\t\t\t\t\t<div class=\"elementor-column elementor-col-100 elementor-top-column elementor-element elementor-element-fc315f4 kyos-horizontal-nav-scroll\" data-id=\"fc315f4\" data-element_type=\"column\">\n\t\t\t<div class=\"elementor-widget-wrap\">\n\t\t\t\t\t\t\t<\/div>\n\t\t<\/div>\n\t\t\t\t\t<\/div>\n\t\t<\/section>\n\t\t\t\t<section class=\"elementor-section elementor-top-section elementor-element elementor-element-3bca1c4c elementor-section-full_width elementor-section-height-default elementor-section-height-default\" data-id=\"3bca1c4c\" data-element_type=\"section\" data-settings=\"{&quot;background_background&quot;:&quot;classic&quot;}\">\n\t\t\t\t\t\t<div class=\"elementor-container elementor-column-gap-default\">\n\t\t\t\t\t<div class=\"elementor-column elementor-col-33 elementor-top-column elementor-element elementor-element-972cedc  kyos-vertical-menu elementor-hidden-mobile elementor-hidden-tablet\" data-id=\"972cedc\" data-element_type=\"column\">\n\t\t\t<div class=\"elementor-widget-wrap elementor-element-populated\">\n\t\t\t\t\t\t<div class=\"elementor-element elementor-element-7b5f3c4 kyos-fixed-item elementor-widget elementor-widget-template\" data-id=\"7b5f3c4\" data-element_type=\"widget\" data-widget_type=\"template.default\">\n\t\t\t\t<div class=\"elementor-widget-container\">\n\t\t\t\t\t\t\t<div class=\"elementor-template\">\n\t\t\t\t\t<div data-elementor-type=\"section\" data-elementor-id=\"1715\" class=\"elementor elementor-1715 elementor-941\" data-elementor-post-type=\"elementor_library\">\n\t\t\t\t\t<section class=\"elementor-section elementor-top-section elementor-element elementor-element-1a817b3 elementor-section-boxed elementor-section-height-default elementor-section-height-default\" data-id=\"1a817b3\" data-element_type=\"section\">\n\t\t\t\t\t\t<div class=\"elementor-container elementor-column-gap-default\">\n\t\t\t\t\t<div class=\"elementor-column elementor-col-100 elementor-top-column elementor-element elementor-element-c46ce32\" data-id=\"c46ce32\" data-element_type=\"column\">\n\t\t\t<div class=\"elementor-widget-wrap elementor-element-populated\">\n\t\t\t\t\t\t<section class=\"elementor-section elementor-inner-section elementor-element elementor-element-671c757 elementor-section-full_width elementor-section-height-default elementor-section-height-default\" data-id=\"671c757\" data-element_type=\"section\">\n\t\t\t\t\t\t<div class=\"elementor-container elementor-column-gap-default\">\n\t\t\t\t\t<div class=\"elementor-column elementor-col-33 elementor-inner-column elementor-element elementor-element-e715808\" data-id=\"e715808\" data-element_type=\"column\">\n\t\t\t<div class=\"elementor-widget-wrap elementor-element-populated\">\n\t\t\t\t\t\t<div class=\"elementor-element elementor-element-018df10 kyos-fixed-item elementor-view-default elementor-widget elementor-widget-icon\" data-id=\"018df10\" data-element_type=\"widget\" data-widget_type=\"icon.default\">\n\t\t\t\t<div class=\"elementor-widget-container\">\n\t\t\t\t\t\t\t<div class=\"elementor-icon-wrapper\">\n\t\t\t<a class=\"elementor-icon\" href=\"https:\/\/staging.kyos.ch\/kyos\/\">\n\t\t\t<svg xmlns=\"http:\/\/www.w3.org\/2000\/svg\" width=\"13.156\" height=\"30.354\" viewBox=\"0 0 13.156 30.354\"><path id=\"Trac&#xE9;_4010\" data-name=\"Trac&#xE9; 4010\" d=\"M5.261,15.187h0L13.156,0H7.912L0,15.187,7.912,30.354h5.244Z\" fill=\"#fff\"><\/path><\/svg>\t\t\t<\/a>\n\t\t<\/div>\n\t\t\t\t\t\t<\/div>\n\t\t\t\t<\/div>\n\t\t\t\t\t<\/div>\n\t\t<\/div>\n\t\t\t\t<div class=\"elementor-column elementor-col-33 elementor-inner-column elementor-element elementor-element-bea60eb\" data-id=\"bea60eb\" data-element_type=\"column\">\n\t\t\t<div class=\"elementor-widget-wrap elementor-element-populated\">\n\t\t\t\t\t\t<div class=\"elementor-element elementor-element-28796b2 kyos-fixed-item elementor-widget elementor-widget-text-editor\" data-id=\"28796b2\" data-element_type=\"widget\" data-widget_type=\"text-editor.default\">\n\t\t\t\t<div class=\"elementor-widget-container\">\n\t\t\t\t\t\t\t\t\t<p><a href=\"https:\/\/staging.kyos.ch\/de\/sicherheitslosungen\/\">Sicherheit<\/a><\/p>\t\t\t\t\t\t\t\t<\/div>\n\t\t\t\t<\/div>\n\t\t\t\t\t<\/div>\n\t\t<\/div>\n\t\t\t\t<div class=\"elementor-column elementor-col-33 elementor-inner-column elementor-element elementor-element-9bb27a1\" data-id=\"9bb27a1\" data-element_type=\"column\">\n\t\t\t<div class=\"elementor-widget-wrap\">\n\t\t\t\t\t\t\t<\/div>\n\t\t<\/div>\n\t\t\t\t\t<\/div>\n\t\t<\/section>\n\t\t\t\t\t<\/div>\n\t\t<\/div>\n\t\t\t\t\t<\/div>\n\t\t<\/section>\n\t\t\t\t<\/div>\n\t\t\t\t<\/div>\n\t\t\t\t\t\t<\/div>\n\t\t\t\t<\/div>\n\t\t\t\t\t<\/div>\n\t\t<\/div>\n\t\t\t\t<div class=\"elementor-column elementor-col-33 elementor-top-column elementor-element elementor-element-58ad126c\" data-id=\"58ad126c\" data-element_type=\"column\">\n\t\t\t<div class=\"elementor-widget-wrap elementor-element-populated\">\n\t\t\t\t\t\t<div class=\"elementor-element elementor-element-fe7ec2e elementor-widget elementor-widget-heading\" data-id=\"fe7ec2e\" data-element_type=\"widget\" data-widget_type=\"heading.default\">\n\t\t\t\t<div class=\"elementor-widget-container\">\n\t\t\t\t\t<h1 class=\"elementor-heading-title elementor-size-default\">Sicherheits-Ereignis-Management<\/h1>\t\t\t\t<\/div>\n\t\t\t\t<\/div>\n\t\t\t\t<div class=\"elementor-element elementor-element-9bab6b4 elementor-widget elementor-widget-text-editor\" data-id=\"9bab6b4\" data-element_type=\"widget\" data-widget_type=\"text-editor.default\">\n\t\t\t\t<div class=\"elementor-widget-container\">\n\t\t\t\t\t\t\t\t\t<p>Security-Event-Management ist kein Luxus mehr, sondern praktisch zum Standard f\u00fcr die Absicherung Ihres Informationssystems geworden.<\/p>\n<p>Basierend auf unserer Erfahrung mit SOC und SIEM k\u00f6nnen wir Ihnen helfen, die Herausforderungen Ihres Unternehmens in diesem Bereich zu meistern.<\/p>\n<p>Kyos bietet Ihnen sein Fachwissen sowie effiziente und angepasste L\u00f6sungen, um Ihre Bed\u00fcrfnisse in Bezug auf die Erkennung von Sicherheitsereignissen, Reaktion und Automatisierung zu erf\u00fcllen.<\/p>\t\t\t\t\t\t\t\t<\/div>\n\t\t\t\t<\/div>\n\t\t\t\t<div class=\"elementor-element elementor-element-54713c9 elementor-widget-divider--view-line elementor-widget elementor-widget-divider\" data-id=\"54713c9\" data-element_type=\"widget\" data-widget_type=\"divider.default\">\n\t\t\t\t<div class=\"elementor-widget-container\">\n\t\t\t\t\t\t\t<div class=\"elementor-divider\">\n\t\t\t<span class=\"elementor-divider-separator\">\n\t\t\t\t\t\t<\/span>\n\t\t<\/div>\n\t\t\t\t\t\t<\/div>\n\t\t\t\t<\/div>\n\t\t\t\t<div class=\"elementor-element elementor-element-f5e5d3d elementor-widget elementor-widget-text-editor\" data-id=\"f5e5d3d\" data-element_type=\"widget\" data-widget_type=\"text-editor.default\">\n\t\t\t\t<div class=\"elementor-widget-container\">\n\t\t\t\t\t\t\t\t\t<p>In diesem Bereich bieten wir gemeinsam mit unseren Partnern folgende L\u00f6sungen an<\/p>\t\t\t\t\t\t\t\t<\/div>\n\t\t\t\t<\/div>\n\t\t\t\t\t<\/div>\n\t\t<\/div>\n\t\t\t\t<div class=\"elementor-column elementor-col-33 elementor-top-column elementor-element elementor-element-3b5d6475 elementor-hidden-phone elementor-hidden-tablet\" data-id=\"3b5d6475\" data-element_type=\"column\">\n\t\t\t<div class=\"elementor-widget-wrap elementor-element-populated\">\n\t\t\t\t\t\t<div class=\"elementor-element elementor-element-e375f88 kyos-fixed-item elementor-widget elementor-widget-template\" data-id=\"e375f88\" data-element_type=\"widget\" data-widget_type=\"template.default\">\n\t\t\t\t<div class=\"elementor-widget-container\">\n\t\t\t\t\t\t\t<div class=\"elementor-template\">\n\t\t\t\t\t<div data-elementor-type=\"section\" data-elementor-id=\"3782\" class=\"elementor elementor-3782 elementor-3711\" data-elementor-post-type=\"elementor_library\">\n\t\t\t\t\t<section class=\"elementor-section elementor-top-section elementor-element elementor-element-5238d6e elementor-section-boxed elementor-section-height-default elementor-section-height-default\" data-id=\"5238d6e\" data-element_type=\"section\">\n\t\t\t\t\t\t<div class=\"elementor-container elementor-column-gap-default\">\n\t\t\t\t\t<div class=\"elementor-column elementor-col-100 elementor-top-column elementor-element elementor-element-cd7e45e\" data-id=\"cd7e45e\" data-element_type=\"column\">\n\t\t\t<div class=\"elementor-widget-wrap elementor-element-populated\">\n\t\t\t\t\t\t<div class=\"elementor-element elementor-element-36b1da6 elementor-widget elementor-widget-text-editor\" data-id=\"36b1da6\" data-element_type=\"widget\" data-widget_type=\"text-editor.default\">\n\t\t\t\t<div class=\"elementor-widget-container\">\n\t\t\t\t\t\t\t\t\tMehr Informationen zu diesem Thema?\n\nWir sind gerne f\u00fcr Sie da!\t\t\t\t\t\t\t\t<\/div>\n\t\t\t\t<\/div>\n\t\t\t\t<div class=\"elementor-element elementor-element-63e064d elementor-widget elementor-widget-button\" data-id=\"63e064d\" data-element_type=\"widget\" data-widget_type=\"button.default\">\n\t\t\t\t<div class=\"elementor-widget-container\">\n\t\t\t\t\t\t\t\t\t<div class=\"elementor-button-wrapper\">\n\t\t\t\t\t<a class=\"elementor-button elementor-button-link elementor-size-sm\" href=\"#kyos-footer-bloc\">\n\t\t\t\t\t\t<span class=\"elementor-button-content-wrapper\">\n\t\t\t\t\t\t\t\t\t<span class=\"elementor-button-text\">Kontakt<\/span>\n\t\t\t\t\t<\/span>\n\t\t\t\t\t<\/a>\n\t\t\t\t<\/div>\n\t\t\t\t\t\t\t\t<\/div>\n\t\t\t\t<\/div>\n\t\t\t\t\t<\/div>\n\t\t<\/div>\n\t\t\t\t\t<\/div>\n\t\t<\/section>\n\t\t\t\t<\/div>\n\t\t\t\t<\/div>\n\t\t\t\t\t\t<\/div>\n\t\t\t\t<\/div>\n\t\t\t\t\t<\/div>\n\t\t<\/div>\n\t\t\t\t\t<\/div>\n\t\t<\/section>\n\t\t\t\t<\/div>\n\t\t","protected":false},"excerpt":{"rendered":"<p>Main Menu Audit und Penetrationstest Identit\u00e4t und Zugriff Perimeter und Inhalt Endpoint Security Daten und Verschl\u00fcsselung Ausbildung Ereignis Management Sicherheits-Ereignis-Management Security-Event-Management ist kein Luxus mehr, sondern praktisch zum Standard f\u00fcr die Absicherung Ihres Informationssystems geworden. Basierend auf unserer Erfahrung mit SOC und SIEM k\u00f6nnen wir Ihnen helfen, die Herausforderungen Ihres Unternehmens in diesem Bereich zu [&hellip;]<\/p>\n","protected":false},"author":1,"featured_media":0,"parent":1508,"menu_order":6,"comment_status":"closed","ping_status":"closed","template":"","meta":{"_acf_changed":false,"footnotes":""},"class_list":["post-1548","page","type-page","status-publish","hentry"],"acf":[],"yoast_head":"<!-- This site is optimized with the Yoast SEO plugin v26.4 - https:\/\/yoast.com\/wordpress\/plugins\/seo\/ -->\n<title>Ereignis Management - KYOS<\/title>\n<meta name=\"robots\" content=\"index, follow, max-snippet:-1, max-image-preview:large, max-video-preview:-1\" \/>\n<link rel=\"canonical\" href=\"https:\/\/staging.kyos.ch\/securite\/security-essentials\/\" \/>\n<meta property=\"og:locale\" content=\"de_DE\" \/>\n<meta property=\"og:type\" content=\"article\" \/>\n<meta property=\"og:title\" content=\"Ereignis Management - KYOS\" \/>\n<meta property=\"og:description\" content=\"Main Menu Audit und Penetrationstest Identit\u00e4t und Zugriff Perimeter und Inhalt Endpoint Security Daten und Verschl\u00fcsselung Ausbildung Ereignis Management Sicherheits-Ereignis-Management Security-Event-Management ist kein Luxus mehr, sondern praktisch zum Standard f\u00fcr die Absicherung Ihres Informationssystems geworden. Basierend auf unserer Erfahrung mit SOC und SIEM k\u00f6nnen wir Ihnen helfen, die Herausforderungen Ihres Unternehmens in diesem Bereich zu [&hellip;]\" \/>\n<meta property=\"og:url\" content=\"https:\/\/staging.kyos.ch\/securite\/security-essentials\/\" \/>\n<meta property=\"og:site_name\" content=\"KYOS\" \/>\n<meta property=\"article:modified_time\" content=\"2024-11-19T10:36:34+00:00\" \/>\n<meta name=\"twitter:card\" content=\"summary_large_image\" \/>\n<meta name=\"twitter:label1\" content=\"Gesch\u00e4tzte Lesezeit\" \/>\n\t<meta name=\"twitter:data1\" content=\"8\u00a0Minuten\" \/>\n<script type=\"application\/ld+json\" class=\"yoast-schema-graph\">{\"@context\":\"https:\/\/schema.org\",\"@graph\":[{\"@type\":\"WebPage\",\"@id\":\"https:\/\/staging.kyos.ch\/securite\/security-essentials\/\",\"url\":\"https:\/\/staging.kyos.ch\/securite\/security-essentials\/\",\"name\":\"Ereignis Management - KYOS\",\"isPartOf\":{\"@id\":\"https:\/\/staging.kyos.ch\/#website\"},\"datePublished\":\"2021-02-11T10:56:20+00:00\",\"dateModified\":\"2024-11-19T10:36:34+00:00\",\"breadcrumb\":{\"@id\":\"https:\/\/staging.kyos.ch\/securite\/security-essentials\/#breadcrumb\"},\"inLanguage\":\"de\",\"potentialAction\":[{\"@type\":\"ReadAction\",\"target\":[\"https:\/\/staging.kyos.ch\/securite\/security-essentials\/\"]}]},{\"@type\":\"BreadcrumbList\",\"@id\":\"https:\/\/staging.kyos.ch\/securite\/security-essentials\/#breadcrumb\",\"itemListElement\":[{\"@type\":\"ListItem\",\"position\":1,\"name\":\"Home\",\"item\":\"https:\/\/staging.kyos.ch\/de\/\"},{\"@type\":\"ListItem\",\"position\":2,\"name\":\"Sicherheit\",\"item\":\"https:\/\/staging.kyos.ch\/securite\/\"},{\"@type\":\"ListItem\",\"position\":3,\"name\":\"Ereignis Management\"}]},{\"@type\":\"WebSite\",\"@id\":\"https:\/\/staging.kyos.ch\/#website\",\"url\":\"https:\/\/staging.kyos.ch\/\",\"name\":\"KYOS\",\"description\":\"Better safe than sorry\",\"publisher\":{\"@id\":\"https:\/\/staging.kyos.ch\/#organization\"},\"potentialAction\":[{\"@type\":\"SearchAction\",\"target\":{\"@type\":\"EntryPoint\",\"urlTemplate\":\"https:\/\/staging.kyos.ch\/?s={search_term_string}\"},\"query-input\":{\"@type\":\"PropertyValueSpecification\",\"valueRequired\":true,\"valueName\":\"search_term_string\"}}],\"inLanguage\":\"de\"},{\"@type\":\"Organization\",\"@id\":\"https:\/\/staging.kyos.ch\/#organization\",\"name\":\"KYOS\",\"url\":\"https:\/\/staging.kyos.ch\/\",\"logo\":{\"@type\":\"ImageObject\",\"inLanguage\":\"de\",\"@id\":\"https:\/\/staging.kyos.ch\/#\/schema\/logo\/image\/\",\"url\":\"https:\/\/staging.kyos.ch\/wp-content\/uploads\/2021\/06\/01.kyos_.logo_.noir_.width_.360-1.png\",\"contentUrl\":\"https:\/\/staging.kyos.ch\/wp-content\/uploads\/2021\/06\/01.kyos_.logo_.noir_.width_.360-1.png\",\"width\":360,\"height\":80,\"caption\":\"KYOS\"},\"image\":{\"@id\":\"https:\/\/staging.kyos.ch\/#\/schema\/logo\/image\/\"}}]}<\/script>\n<!-- \/ Yoast SEO plugin. -->","yoast_head_json":{"title":"Ereignis Management - KYOS","robots":{"index":"index","follow":"follow","max-snippet":"max-snippet:-1","max-image-preview":"max-image-preview:large","max-video-preview":"max-video-preview:-1"},"canonical":"https:\/\/staging.kyos.ch\/securite\/security-essentials\/","og_locale":"de_DE","og_type":"article","og_title":"Ereignis Management - KYOS","og_description":"Main Menu Audit und Penetrationstest Identit\u00e4t und Zugriff Perimeter und Inhalt Endpoint Security Daten und Verschl\u00fcsselung Ausbildung Ereignis Management Sicherheits-Ereignis-Management Security-Event-Management ist kein Luxus mehr, sondern praktisch zum Standard f\u00fcr die Absicherung Ihres Informationssystems geworden. Basierend auf unserer Erfahrung mit SOC und SIEM k\u00f6nnen wir Ihnen helfen, die Herausforderungen Ihres Unternehmens in diesem Bereich zu [&hellip;]","og_url":"https:\/\/staging.kyos.ch\/securite\/security-essentials\/","og_site_name":"KYOS","article_modified_time":"2024-11-19T10:36:34+00:00","twitter_card":"summary_large_image","twitter_misc":{"Gesch\u00e4tzte Lesezeit":"8\u00a0Minuten"},"schema":{"@context":"https:\/\/schema.org","@graph":[{"@type":"WebPage","@id":"https:\/\/staging.kyos.ch\/securite\/security-essentials\/","url":"https:\/\/staging.kyos.ch\/securite\/security-essentials\/","name":"Ereignis Management - KYOS","isPartOf":{"@id":"https:\/\/staging.kyos.ch\/#website"},"datePublished":"2021-02-11T10:56:20+00:00","dateModified":"2024-11-19T10:36:34+00:00","breadcrumb":{"@id":"https:\/\/staging.kyos.ch\/securite\/security-essentials\/#breadcrumb"},"inLanguage":"de","potentialAction":[{"@type":"ReadAction","target":["https:\/\/staging.kyos.ch\/securite\/security-essentials\/"]}]},{"@type":"BreadcrumbList","@id":"https:\/\/staging.kyos.ch\/securite\/security-essentials\/#breadcrumb","itemListElement":[{"@type":"ListItem","position":1,"name":"Home","item":"https:\/\/staging.kyos.ch\/de\/"},{"@type":"ListItem","position":2,"name":"Sicherheit","item":"https:\/\/staging.kyos.ch\/securite\/"},{"@type":"ListItem","position":3,"name":"Ereignis Management"}]},{"@type":"WebSite","@id":"https:\/\/staging.kyos.ch\/#website","url":"https:\/\/staging.kyos.ch\/","name":"KYOS","description":"Better safe than sorry","publisher":{"@id":"https:\/\/staging.kyos.ch\/#organization"},"potentialAction":[{"@type":"SearchAction","target":{"@type":"EntryPoint","urlTemplate":"https:\/\/staging.kyos.ch\/?s={search_term_string}"},"query-input":{"@type":"PropertyValueSpecification","valueRequired":true,"valueName":"search_term_string"}}],"inLanguage":"de"},{"@type":"Organization","@id":"https:\/\/staging.kyos.ch\/#organization","name":"KYOS","url":"https:\/\/staging.kyos.ch\/","logo":{"@type":"ImageObject","inLanguage":"de","@id":"https:\/\/staging.kyos.ch\/#\/schema\/logo\/image\/","url":"https:\/\/staging.kyos.ch\/wp-content\/uploads\/2021\/06\/01.kyos_.logo_.noir_.width_.360-1.png","contentUrl":"https:\/\/staging.kyos.ch\/wp-content\/uploads\/2021\/06\/01.kyos_.logo_.noir_.width_.360-1.png","width":360,"height":80,"caption":"KYOS"},"image":{"@id":"https:\/\/staging.kyos.ch\/#\/schema\/logo\/image\/"}}]}},"_links":{"self":[{"href":"https:\/\/staging.kyos.ch\/de\/wp-json\/wp\/v2\/pages\/1548","targetHints":{"allow":["GET"]}}],"collection":[{"href":"https:\/\/staging.kyos.ch\/de\/wp-json\/wp\/v2\/pages"}],"about":[{"href":"https:\/\/staging.kyos.ch\/de\/wp-json\/wp\/v2\/types\/page"}],"author":[{"embeddable":true,"href":"https:\/\/staging.kyos.ch\/de\/wp-json\/wp\/v2\/users\/1"}],"replies":[{"embeddable":true,"href":"https:\/\/staging.kyos.ch\/de\/wp-json\/wp\/v2\/comments?post=1548"}],"version-history":[{"count":12,"href":"https:\/\/staging.kyos.ch\/de\/wp-json\/wp\/v2\/pages\/1548\/revisions"}],"predecessor-version":[{"id":20353,"href":"https:\/\/staging.kyos.ch\/de\/wp-json\/wp\/v2\/pages\/1548\/revisions\/20353"}],"up":[{"embeddable":true,"href":"https:\/\/staging.kyos.ch\/de\/wp-json\/wp\/v2\/pages\/1508"}],"wp:attachment":[{"href":"https:\/\/staging.kyos.ch\/de\/wp-json\/wp\/v2\/media?parent=1548"}],"curies":[{"name":"wp","href":"https:\/\/api.w.org\/{rel}","templated":true}]}}