{"id":3534,"date":"2021-03-22T15:51:27","date_gmt":"2021-03-22T14:51:27","guid":{"rendered":"https:\/\/www.kyos.ch\/?page_id=3534"},"modified":"2021-05-28T16:12:26","modified_gmt":"2021-05-28T14:12:26","slug":"thales-dis-cpl","status":"publish","type":"page","link":"https:\/\/staging.kyos.ch\/de\/kyos\/partner\/thales-dis-cpl\/","title":{"rendered":"Thales DIS CPL"},"content":{"rendered":"\t\t<div data-elementor-type=\"wp-page\" data-elementor-id=\"3534\" class=\"elementor elementor-3534 elementor-3513\" data-elementor-post-type=\"page\">\n\t\t\t\t\t\t<section class=\"elementor-section elementor-top-section elementor-element elementor-element-bc5a9f4 elementor-section-full_width elementor-hidden-desktop elementor-section-height-default elementor-section-height-default\" data-id=\"bc5a9f4\" data-element_type=\"section\" data-settings=\"{&quot;background_background&quot;:&quot;classic&quot;,&quot;sticky&quot;:&quot;top&quot;,&quot;sticky_offset&quot;:62,&quot;sticky_on&quot;:[&quot;tablet&quot;,&quot;mobile&quot;],&quot;sticky_effects_offset&quot;:0,&quot;sticky_anchor_link_offset&quot;:0}\">\n\t\t\t\t\t\t<div class=\"elementor-container elementor-column-gap-default\">\n\t\t\t\t\t<div class=\"elementor-column elementor-col-100 elementor-top-column elementor-element elementor-element-f32a340 kyos-horizontal-nav-scroll\" data-id=\"f32a340\" data-element_type=\"column\">\n\t\t\t<div class=\"elementor-widget-wrap\">\n\t\t\t\t\t\t\t<\/div>\n\t\t<\/div>\n\t\t\t\t\t<\/div>\n\t\t<\/section>\n\t\t\t\t<section class=\"elementor-section elementor-top-section elementor-element elementor-element-4303f88 elementor-section-full_width elementor-section-height-default elementor-section-height-default\" data-id=\"4303f88\" data-element_type=\"section\" data-settings=\"{&quot;background_background&quot;:&quot;classic&quot;}\">\n\t\t\t\t\t\t<div class=\"elementor-container elementor-column-gap-default\">\n\t\t\t\t\t<div class=\"elementor-column elementor-col-33 elementor-top-column elementor-element elementor-element-6fef6d5  kyos-vertical-menu elementor-hidden-phone elementor-hidden-tablet\" data-id=\"6fef6d5\" data-element_type=\"column\">\n\t\t\t<div class=\"elementor-widget-wrap elementor-element-populated\">\n\t\t\t\t\t\t<div class=\"elementor-element elementor-element-d69421f kyos-fixed-item elementor-widget elementor-widget-template\" data-id=\"d69421f\" data-element_type=\"widget\" data-widget_type=\"template.default\">\n\t\t\t\t<div class=\"elementor-widget-container\">\n\t\t\t\t\t\t\t<div class=\"elementor-template\">\n\t\t\t\t\t<div data-elementor-type=\"section\" data-elementor-id=\"1720\" class=\"elementor elementor-1720 elementor-761\" data-elementor-post-type=\"elementor_library\">\n\t\t\t\t\t<section class=\"elementor-section elementor-top-section elementor-element elementor-element-62b0d00 elementor-section-boxed elementor-section-height-default elementor-section-height-default\" data-id=\"62b0d00\" data-element_type=\"section\">\n\t\t\t\t\t\t<div class=\"elementor-container elementor-column-gap-default\">\n\t\t\t\t\t<div class=\"elementor-column elementor-col-100 elementor-top-column elementor-element elementor-element-fc25cc2\" data-id=\"fc25cc2\" data-element_type=\"column\">\n\t\t\t<div class=\"elementor-widget-wrap elementor-element-populated\">\n\t\t\t\t\t\t<section class=\"elementor-section elementor-inner-section elementor-element elementor-element-9cf0e3d elementor-section-full_width elementor-section-height-default elementor-section-height-default\" data-id=\"9cf0e3d\" data-element_type=\"section\">\n\t\t\t\t\t\t<div class=\"elementor-container elementor-column-gap-default\">\n\t\t\t\t\t<div class=\"elementor-column elementor-col-33 elementor-inner-column elementor-element elementor-element-e524530\" data-id=\"e524530\" data-element_type=\"column\">\n\t\t\t<div class=\"elementor-widget-wrap elementor-element-populated\">\n\t\t\t\t\t\t<div class=\"elementor-element elementor-element-c27d5f7 kyos-fixed-item elementor-view-default elementor-widget elementor-widget-icon\" data-id=\"c27d5f7\" data-element_type=\"widget\" data-widget_type=\"icon.default\">\n\t\t\t\t<div class=\"elementor-widget-container\">\n\t\t\t\t\t\t\t<div class=\"elementor-icon-wrapper\">\n\t\t\t<a class=\"elementor-icon\" href=\"https:\/\/staging.kyos.ch\/kyos\/\">\n\t\t\t<svg xmlns=\"http:\/\/www.w3.org\/2000\/svg\" width=\"13.156\" height=\"30.354\" viewBox=\"0 0 13.156 30.354\"><path id=\"Trac&#xE9;_4010\" data-name=\"Trac&#xE9; 4010\" d=\"M5.261,15.187h0L13.156,0H7.912L0,15.187,7.912,30.354h5.244Z\" fill=\"#fff\"><\/path><\/svg>\t\t\t<\/a>\n\t\t<\/div>\n\t\t\t\t\t\t<\/div>\n\t\t\t\t<\/div>\n\t\t\t\t\t<\/div>\n\t\t<\/div>\n\t\t\t\t<div class=\"elementor-column elementor-col-33 elementor-inner-column elementor-element elementor-element-d05d93e\" data-id=\"d05d93e\" data-element_type=\"column\">\n\t\t\t<div class=\"elementor-widget-wrap elementor-element-populated\">\n\t\t\t\t\t\t<div class=\"elementor-element elementor-element-e99987f kyos-fixed-item elementor-widget elementor-widget-text-editor\" data-id=\"e99987f\" data-element_type=\"widget\" data-widget_type=\"text-editor.default\">\n\t\t\t\t<div class=\"elementor-widget-container\">\n\t\t\t\t\t\t\t\t\t<p><a href=\"https:\/\/staging.kyos.ch\/de\/kyos\/\">\u00dcbrigens<\/a><\/p>\t\t\t\t\t\t\t\t<\/div>\n\t\t\t\t<\/div>\n\t\t\t\t\t<\/div>\n\t\t<\/div>\n\t\t\t\t<div class=\"elementor-column elementor-col-33 elementor-inner-column elementor-element elementor-element-2776c63\" data-id=\"2776c63\" data-element_type=\"column\">\n\t\t\t<div class=\"elementor-widget-wrap\">\n\t\t\t\t\t\t\t<\/div>\n\t\t<\/div>\n\t\t\t\t\t<\/div>\n\t\t<\/section>\n\t\t\t\t\t<\/div>\n\t\t<\/div>\n\t\t\t\t\t<\/div>\n\t\t<\/section>\n\t\t\t\t<\/div>\n\t\t\t\t<\/div>\n\t\t\t\t\t\t<\/div>\n\t\t\t\t<\/div>\n\t\t\t\t\t<\/div>\n\t\t<\/div>\n\t\t\t\t<div class=\"elementor-column elementor-col-33 elementor-top-column elementor-element elementor-element-793b818\" data-id=\"793b818\" data-element_type=\"column\">\n\t\t\t<div class=\"elementor-widget-wrap elementor-element-populated\">\n\t\t\t\t\t\t<div class=\"elementor-element elementor-element-25c29b1 elementor-widget elementor-widget-heading\" data-id=\"25c29b1\" data-element_type=\"widget\" data-widget_type=\"heading.default\">\n\t\t\t\t<div class=\"elementor-widget-container\">\n\t\t\t\t\t<h1 class=\"elementor-heading-title elementor-size-default\">Thales DIS CPL<\/h1>\t\t\t\t<\/div>\n\t\t\t\t<\/div>\n\t\t\t\t<div class=\"elementor-element elementor-element-1aa2fc9 elementor-widget elementor-widget-text-editor\" data-id=\"1aa2fc9\" data-element_type=\"widget\" data-widget_type=\"text-editor.default\">\n\t\t\t\t<div class=\"elementor-widget-container\">\n\t\t\t\t\t\t\t\t\tDie Menschen, denen Sie den Schutz Ihrer Daten anvertrauen, verlassen sich beim Schutz ihrer Daten, der Cloud und ihrer Software auf Thales. Beim Thema Datensicherheit stehen Unternehmen immer h\u00e4ufiger vor zentralen Entscheidungen. Egal, ob es darum geht, eine Verschl\u00fcsselungsstrategie zu entwickeln, Software zu lizenzieren, vertrauensw\u00fcrdigen Zugang zur Cloud bereitzustellen oder Compliance-Anforderungen zu erf\u00fcllen \u2013 Sie k\u00f6nnen sich bei der Sicherung Ihrer digitalen Transformation auf Thales verlassen.\n\n\t\t\t\t\t\t\t\t<\/div>\n\t\t\t\t<\/div>\n\t\t\t\t<div class=\"elementor-element elementor-element-1d06461 elementor-widget elementor-widget-video\" data-id=\"1d06461\" data-element_type=\"widget\" data-settings=\"{&quot;youtube_url&quot;:&quot;https:\\\/\\\/youtu.be\\\/8WTuYUeSBzs&quot;,&quot;video_type&quot;:&quot;youtube&quot;,&quot;controls&quot;:&quot;yes&quot;}\" data-widget_type=\"video.default\">\n\t\t\t\t<div class=\"elementor-widget-container\">\n\t\t\t\t\t\t\t<div class=\"elementor-wrapper elementor-open-inline\">\n\t\t\t<div class=\"elementor-video\"><\/div>\t\t<\/div>\n\t\t\t\t\t\t<\/div>\n\t\t\t\t<\/div>\n\t\t\t\t<div class=\"elementor-element elementor-element-13ce2cb elementor-widget elementor-widget-text-editor\" data-id=\"13ce2cb\" data-element_type=\"widget\" data-widget_type=\"text-editor.default\">\n\t\t\t\t<div class=\"elementor-widget-container\">\n\t\t\t\t\t\t\t\t\t<p><b>Die Menschen, die f\u00fcr uns die Welt am Laufen halten, vertrauen auf Thales<\/b><\/p><p>\u00a0<\/p><p>Die digitale Transformation ver\u00e4ndert jede Branche, da immer mehr Unternehmen ihre Gesch\u00e4fte mithilfe von Cloud, Daten und Software aufbauen m\u00f6chten. Der Erfolg dieser Transformationen wird letztlich davon abh\u00e4ngen, ob diese digitalen Dienste, Identit\u00e4ten und Transaktionen gesichert werden k\u00f6nnen und vertrauensw\u00fcrdig sind. Bei Thales dreht sich alles darum, diese neue digitale Welt zu erm\u00f6glichen. Als weltweiter Marktf\u00fchrer im Bereich der digitalen Sicherheit sch\u00fctzen wir mehr Daten, Identit\u00e4ten, Software und Transaktionen als jedes andere Unternehmen und erm\u00f6glichen es zehntausenden Unternehmen und Organisationen, vertrauensw\u00fcrdige digitale Dienste f\u00fcr Milliarden Menschen auf der ganzen Welt bereitzustellen.<\/p>\t\t\t\t\t\t\t\t<\/div>\n\t\t\t\t<\/div>\n\t\t\t\t<div class=\"elementor-element elementor-element-cc8a9dd elementor-widget elementor-widget-text-editor\" data-id=\"cc8a9dd\" data-element_type=\"widget\" data-widget_type=\"text-editor.default\">\n\t\t\t\t<div class=\"elementor-widget-container\">\n\t\t\t\t\t\t\t\t\t<p>Liste der Produkte von unserem Partner<\/p>\t\t\t\t\t\t\t\t<\/div>\n\t\t\t\t<\/div>\n\t\t\t\t\t<\/div>\n\t\t<\/div>\n\t\t\t\t<div class=\"elementor-column elementor-col-33 elementor-top-column elementor-element elementor-element-db3e17a elementor-hidden-phone elementor-hidden-tablet\" data-id=\"db3e17a\" data-element_type=\"column\">\n\t\t\t<div class=\"elementor-widget-wrap elementor-element-populated\">\n\t\t\t\t\t\t<div class=\"elementor-element elementor-element-62afb7c kyos-fixed-item elementor-widget elementor-widget-image\" data-id=\"62afb7c\" data-element_type=\"widget\" data-widget_type=\"image.default\">\n\t\t\t\t<div class=\"elementor-widget-container\">\n\t\t\t\t\t\t\t\t\t\t\t\t\t\t\t<img fetchpriority=\"high\" decoding=\"async\" width=\"640\" height=\"276\" src=\"https:\/\/staging.kyos.ch\/wp-content\/uploads\/2021\/03\/Kyos_Supplier_Thales_Platinium-1.png\" class=\"attachment-large size-large wp-image-3564\" alt=\"\" srcset=\"https:\/\/staging.kyos.ch\/wp-content\/uploads\/2021\/03\/Kyos_Supplier_Thales_Platinium-1.png 640w, https:\/\/staging.kyos.ch\/wp-content\/uploads\/2021\/03\/Kyos_Supplier_Thales_Platinium-1-300x129.png 300w\" sizes=\"(max-width: 640px) 100vw, 640px\" \/>\t\t\t\t\t\t\t\t\t\t\t\t\t\t\t<\/div>\n\t\t\t\t<\/div>\n\t\t\t\t\t<\/div>\n\t\t<\/div>\n\t\t\t\t\t<\/div>\n\t\t<\/section>\n\t\t\t\t<\/div>\n\t\t","protected":false},"excerpt":{"rendered":"<p>Ansatz Unser Team Ethos Partners Referenzen Aktualitat Thales DIS CPL Die Menschen, denen Sie den Schutz Ihrer Daten anvertrauen, verlassen sich beim Schutz ihrer Daten, der Cloud und ihrer Software auf Thales. Beim Thema Datensicherheit stehen Unternehmen immer h\u00e4ufiger vor zentralen Entscheidungen. Egal, ob es darum geht, eine Verschl\u00fcsselungsstrategie zu entwickeln, Software zu lizenzieren, vertrauensw\u00fcrdigen [&hellip;]<\/p>\n","protected":false},"author":1,"featured_media":0,"parent":1471,"menu_order":1,"comment_status":"closed","ping_status":"closed","template":"","meta":{"_acf_changed":false,"footnotes":""},"class_list":["post-3534","page","type-page","status-publish","hentry"],"acf":[],"yoast_head":"<!-- This site is optimized with the Yoast SEO plugin v26.4 - https:\/\/yoast.com\/wordpress\/plugins\/seo\/ -->\n<title>Thales DIS CPL - KYOS<\/title>\n<meta name=\"robots\" content=\"index, follow, max-snippet:-1, max-image-preview:large, max-video-preview:-1\" \/>\n<link rel=\"canonical\" href=\"https:\/\/staging.kyos.ch\/kyos\/partenaires\/thales\/\" \/>\n<meta property=\"og:locale\" content=\"de_DE\" \/>\n<meta property=\"og:type\" content=\"article\" \/>\n<meta property=\"og:title\" content=\"Thales DIS CPL - KYOS\" \/>\n<meta property=\"og:description\" content=\"Ansatz Unser Team Ethos Partners Referenzen Aktualitat Thales DIS CPL Die Menschen, denen Sie den Schutz Ihrer Daten anvertrauen, verlassen sich beim Schutz ihrer Daten, der Cloud und ihrer Software auf Thales. Beim Thema Datensicherheit stehen Unternehmen immer h\u00e4ufiger vor zentralen Entscheidungen. Egal, ob es darum geht, eine Verschl\u00fcsselungsstrategie zu entwickeln, Software zu lizenzieren, vertrauensw\u00fcrdigen [&hellip;]\" \/>\n<meta property=\"og:url\" content=\"https:\/\/staging.kyos.ch\/kyos\/partenaires\/thales\/\" \/>\n<meta property=\"og:site_name\" content=\"KYOS\" \/>\n<meta property=\"article:modified_time\" content=\"2021-05-28T14:12:26+00:00\" \/>\n<meta property=\"og:image\" content=\"https:\/\/www.kyos.ch\/wp-content\/uploads\/2021\/03\/Kyos_Supplier_Thales_Platinium-1.png\" \/>\n<meta name=\"twitter:card\" content=\"summary_large_image\" \/>\n<meta name=\"twitter:label1\" content=\"Gesch\u00e4tzte Lesezeit\" \/>\n\t<meta name=\"twitter:data1\" content=\"1\u00a0Minute\" \/>\n<script type=\"application\/ld+json\" class=\"yoast-schema-graph\">{\"@context\":\"https:\/\/schema.org\",\"@graph\":[{\"@type\":\"WebPage\",\"@id\":\"https:\/\/staging.kyos.ch\/kyos\/partenaires\/thales\/\",\"url\":\"https:\/\/staging.kyos.ch\/kyos\/partenaires\/thales\/\",\"name\":\"Thales DIS CPL - KYOS\",\"isPartOf\":{\"@id\":\"https:\/\/staging.kyos.ch\/#website\"},\"primaryImageOfPage\":{\"@id\":\"https:\/\/staging.kyos.ch\/kyos\/partenaires\/thales\/#primaryimage\"},\"image\":{\"@id\":\"https:\/\/staging.kyos.ch\/kyos\/partenaires\/thales\/#primaryimage\"},\"thumbnailUrl\":\"https:\/\/www.kyos.ch\/wp-content\/uploads\/2021\/03\/Kyos_Supplier_Thales_Platinium-1.png\",\"datePublished\":\"2021-03-22T14:51:27+00:00\",\"dateModified\":\"2021-05-28T14:12:26+00:00\",\"breadcrumb\":{\"@id\":\"https:\/\/staging.kyos.ch\/kyos\/partenaires\/thales\/#breadcrumb\"},\"inLanguage\":\"de\",\"potentialAction\":[{\"@type\":\"ReadAction\",\"target\":[\"https:\/\/staging.kyos.ch\/kyos\/partenaires\/thales\/\"]}]},{\"@type\":\"ImageObject\",\"inLanguage\":\"de\",\"@id\":\"https:\/\/staging.kyos.ch\/kyos\/partenaires\/thales\/#primaryimage\",\"url\":\"https:\/\/www.kyos.ch\/wp-content\/uploads\/2021\/03\/Kyos_Supplier_Thales_Platinium-1.png\",\"contentUrl\":\"https:\/\/www.kyos.ch\/wp-content\/uploads\/2021\/03\/Kyos_Supplier_Thales_Platinium-1.png\"},{\"@type\":\"BreadcrumbList\",\"@id\":\"https:\/\/staging.kyos.ch\/kyos\/partenaires\/thales\/#breadcrumb\",\"itemListElement\":[{\"@type\":\"ListItem\",\"position\":1,\"name\":\"Home\",\"item\":\"https:\/\/staging.kyos.ch\/de\/\"},{\"@type\":\"ListItem\",\"position\":2,\"name\":\"Kyos\",\"item\":\"https:\/\/staging.kyos.ch\/kyos\/\"},{\"@type\":\"ListItem\",\"position\":3,\"name\":\"Partner\",\"item\":\"https:\/\/staging.kyos.ch\/kyos\/partenaires\/\"},{\"@type\":\"ListItem\",\"position\":4,\"name\":\"Thales DIS CPL\"}]},{\"@type\":\"WebSite\",\"@id\":\"https:\/\/staging.kyos.ch\/#website\",\"url\":\"https:\/\/staging.kyos.ch\/\",\"name\":\"KYOS\",\"description\":\"Better safe than sorry\",\"publisher\":{\"@id\":\"https:\/\/staging.kyos.ch\/#organization\"},\"potentialAction\":[{\"@type\":\"SearchAction\",\"target\":{\"@type\":\"EntryPoint\",\"urlTemplate\":\"https:\/\/staging.kyos.ch\/?s={search_term_string}\"},\"query-input\":{\"@type\":\"PropertyValueSpecification\",\"valueRequired\":true,\"valueName\":\"search_term_string\"}}],\"inLanguage\":\"de\"},{\"@type\":\"Organization\",\"@id\":\"https:\/\/staging.kyos.ch\/#organization\",\"name\":\"KYOS\",\"url\":\"https:\/\/staging.kyos.ch\/\",\"logo\":{\"@type\":\"ImageObject\",\"inLanguage\":\"de\",\"@id\":\"https:\/\/staging.kyos.ch\/#\/schema\/logo\/image\/\",\"url\":\"https:\/\/staging.kyos.ch\/wp-content\/uploads\/2021\/06\/01.kyos_.logo_.noir_.width_.360-1.png\",\"contentUrl\":\"https:\/\/staging.kyos.ch\/wp-content\/uploads\/2021\/06\/01.kyos_.logo_.noir_.width_.360-1.png\",\"width\":360,\"height\":80,\"caption\":\"KYOS\"},\"image\":{\"@id\":\"https:\/\/staging.kyos.ch\/#\/schema\/logo\/image\/\"}}]}<\/script>\n<!-- \/ Yoast SEO plugin. -->","yoast_head_json":{"title":"Thales DIS CPL - KYOS","robots":{"index":"index","follow":"follow","max-snippet":"max-snippet:-1","max-image-preview":"max-image-preview:large","max-video-preview":"max-video-preview:-1"},"canonical":"https:\/\/staging.kyos.ch\/kyos\/partenaires\/thales\/","og_locale":"de_DE","og_type":"article","og_title":"Thales DIS CPL - KYOS","og_description":"Ansatz Unser Team Ethos Partners Referenzen Aktualitat Thales DIS CPL Die Menschen, denen Sie den Schutz Ihrer Daten anvertrauen, verlassen sich beim Schutz ihrer Daten, der Cloud und ihrer Software auf Thales. Beim Thema Datensicherheit stehen Unternehmen immer h\u00e4ufiger vor zentralen Entscheidungen. Egal, ob es darum geht, eine Verschl\u00fcsselungsstrategie zu entwickeln, Software zu lizenzieren, vertrauensw\u00fcrdigen [&hellip;]","og_url":"https:\/\/staging.kyos.ch\/kyos\/partenaires\/thales\/","og_site_name":"KYOS","article_modified_time":"2021-05-28T14:12:26+00:00","og_image":[{"url":"https:\/\/www.kyos.ch\/wp-content\/uploads\/2021\/03\/Kyos_Supplier_Thales_Platinium-1.png","type":"","width":"","height":""}],"twitter_card":"summary_large_image","twitter_misc":{"Gesch\u00e4tzte Lesezeit":"1\u00a0Minute"},"schema":{"@context":"https:\/\/schema.org","@graph":[{"@type":"WebPage","@id":"https:\/\/staging.kyos.ch\/kyos\/partenaires\/thales\/","url":"https:\/\/staging.kyos.ch\/kyos\/partenaires\/thales\/","name":"Thales DIS CPL - KYOS","isPartOf":{"@id":"https:\/\/staging.kyos.ch\/#website"},"primaryImageOfPage":{"@id":"https:\/\/staging.kyos.ch\/kyos\/partenaires\/thales\/#primaryimage"},"image":{"@id":"https:\/\/staging.kyos.ch\/kyos\/partenaires\/thales\/#primaryimage"},"thumbnailUrl":"https:\/\/www.kyos.ch\/wp-content\/uploads\/2021\/03\/Kyos_Supplier_Thales_Platinium-1.png","datePublished":"2021-03-22T14:51:27+00:00","dateModified":"2021-05-28T14:12:26+00:00","breadcrumb":{"@id":"https:\/\/staging.kyos.ch\/kyos\/partenaires\/thales\/#breadcrumb"},"inLanguage":"de","potentialAction":[{"@type":"ReadAction","target":["https:\/\/staging.kyos.ch\/kyos\/partenaires\/thales\/"]}]},{"@type":"ImageObject","inLanguage":"de","@id":"https:\/\/staging.kyos.ch\/kyos\/partenaires\/thales\/#primaryimage","url":"https:\/\/www.kyos.ch\/wp-content\/uploads\/2021\/03\/Kyos_Supplier_Thales_Platinium-1.png","contentUrl":"https:\/\/www.kyos.ch\/wp-content\/uploads\/2021\/03\/Kyos_Supplier_Thales_Platinium-1.png"},{"@type":"BreadcrumbList","@id":"https:\/\/staging.kyos.ch\/kyos\/partenaires\/thales\/#breadcrumb","itemListElement":[{"@type":"ListItem","position":1,"name":"Home","item":"https:\/\/staging.kyos.ch\/de\/"},{"@type":"ListItem","position":2,"name":"Kyos","item":"https:\/\/staging.kyos.ch\/kyos\/"},{"@type":"ListItem","position":3,"name":"Partner","item":"https:\/\/staging.kyos.ch\/kyos\/partenaires\/"},{"@type":"ListItem","position":4,"name":"Thales DIS CPL"}]},{"@type":"WebSite","@id":"https:\/\/staging.kyos.ch\/#website","url":"https:\/\/staging.kyos.ch\/","name":"KYOS","description":"Better safe than sorry","publisher":{"@id":"https:\/\/staging.kyos.ch\/#organization"},"potentialAction":[{"@type":"SearchAction","target":{"@type":"EntryPoint","urlTemplate":"https:\/\/staging.kyos.ch\/?s={search_term_string}"},"query-input":{"@type":"PropertyValueSpecification","valueRequired":true,"valueName":"search_term_string"}}],"inLanguage":"de"},{"@type":"Organization","@id":"https:\/\/staging.kyos.ch\/#organization","name":"KYOS","url":"https:\/\/staging.kyos.ch\/","logo":{"@type":"ImageObject","inLanguage":"de","@id":"https:\/\/staging.kyos.ch\/#\/schema\/logo\/image\/","url":"https:\/\/staging.kyos.ch\/wp-content\/uploads\/2021\/06\/01.kyos_.logo_.noir_.width_.360-1.png","contentUrl":"https:\/\/staging.kyos.ch\/wp-content\/uploads\/2021\/06\/01.kyos_.logo_.noir_.width_.360-1.png","width":360,"height":80,"caption":"KYOS"},"image":{"@id":"https:\/\/staging.kyos.ch\/#\/schema\/logo\/image\/"}}]}},"_links":{"self":[{"href":"https:\/\/staging.kyos.ch\/de\/wp-json\/wp\/v2\/pages\/3534","targetHints":{"allow":["GET"]}}],"collection":[{"href":"https:\/\/staging.kyos.ch\/de\/wp-json\/wp\/v2\/pages"}],"about":[{"href":"https:\/\/staging.kyos.ch\/de\/wp-json\/wp\/v2\/types\/page"}],"author":[{"embeddable":true,"href":"https:\/\/staging.kyos.ch\/de\/wp-json\/wp\/v2\/users\/1"}],"replies":[{"embeddable":true,"href":"https:\/\/staging.kyos.ch\/de\/wp-json\/wp\/v2\/comments?post=3534"}],"version-history":[{"count":0,"href":"https:\/\/staging.kyos.ch\/de\/wp-json\/wp\/v2\/pages\/3534\/revisions"}],"up":[{"embeddable":true,"href":"https:\/\/staging.kyos.ch\/de\/wp-json\/wp\/v2\/pages\/1471"}],"wp:attachment":[{"href":"https:\/\/staging.kyos.ch\/de\/wp-json\/wp\/v2\/media?parent=3534"}],"curies":[{"name":"wp","href":"https:\/\/api.w.org\/{rel}","templated":true}]}}