{"id":12374,"date":"2021-07-16T09:05:12","date_gmt":"2021-07-16T07:05:12","guid":{"rendered":"https:\/\/www.kyos.ch\/?page_id=12374"},"modified":"2022-08-08T09:45:01","modified_gmt":"2022-08-08T07:45:01","slug":"nexus-group","status":"publish","type":"page","link":"https:\/\/staging.kyos.ch\/en\/kyos\/partners\/nexus-group\/","title":{"rendered":"Nexus Group"},"content":{"rendered":"\t\t<div data-elementor-type=\"wp-page\" data-elementor-id=\"12374\" class=\"elementor elementor-12374 elementor-12358\" data-elementor-post-type=\"page\">\n\t\t\t\t\t\t<section class=\"elementor-section elementor-top-section elementor-element elementor-element-05fa192 elementor-section-full_width elementor-hidden-desktop elementor-section-height-default elementor-section-height-default\" data-id=\"05fa192\" data-element_type=\"section\" data-settings=\"{&quot;background_background&quot;:&quot;classic&quot;,&quot;sticky&quot;:&quot;top&quot;,&quot;sticky_offset&quot;:62,&quot;sticky_on&quot;:[&quot;desktop&quot;,&quot;tablet&quot;,&quot;mobile&quot;],&quot;sticky_effects_offset&quot;:0,&quot;sticky_anchor_link_offset&quot;:0}\">\n\t\t\t\t\t\t<div class=\"elementor-container elementor-column-gap-default\">\n\t\t\t\t\t<div class=\"elementor-column elementor-col-100 elementor-top-column elementor-element elementor-element-2dafe55 kyos-horizontal-nav-scroll\" data-id=\"2dafe55\" data-element_type=\"column\">\n\t\t\t<div class=\"elementor-widget-wrap\">\n\t\t\t\t\t\t\t<\/div>\n\t\t<\/div>\n\t\t\t\t\t<\/div>\n\t\t<\/section>\n\t\t\t\t<section class=\"elementor-section elementor-top-section elementor-element elementor-element-a8c1b3b elementor-section-full_width elementor-section-height-default elementor-section-height-default\" data-id=\"a8c1b3b\" data-element_type=\"section\" data-settings=\"{&quot;background_background&quot;:&quot;classic&quot;}\">\n\t\t\t\t\t\t<div class=\"elementor-container elementor-column-gap-default\">\n\t\t\t\t\t<div class=\"elementor-column elementor-col-33 elementor-top-column elementor-element elementor-element-760dc08  kyos-vertical-menu elementor-hidden-phone elementor-hidden-tablet\" data-id=\"760dc08\" data-element_type=\"column\">\n\t\t\t<div class=\"elementor-widget-wrap elementor-element-populated\">\n\t\t\t\t\t\t<div class=\"elementor-element elementor-element-b1d5c2d kyos-fixed-item elementor-widget elementor-widget-template\" data-id=\"b1d5c2d\" data-element_type=\"widget\" data-widget_type=\"template.default\">\n\t\t\t\t<div class=\"elementor-widget-container\">\n\t\t\t\t\t\t\t<div class=\"elementor-template\">\n\t\t\t\t\t<div data-elementor-type=\"section\" data-elementor-id=\"1688\" class=\"elementor elementor-1688 elementor-761\" data-elementor-post-type=\"elementor_library\">\n\t\t\t\t\t<section class=\"elementor-section elementor-top-section elementor-element elementor-element-62b0d00 elementor-section-boxed elementor-section-height-default elementor-section-height-default\" data-id=\"62b0d00\" data-element_type=\"section\">\n\t\t\t\t\t\t<div class=\"elementor-container elementor-column-gap-default\">\n\t\t\t\t\t<div class=\"elementor-column elementor-col-100 elementor-top-column elementor-element elementor-element-fc25cc2\" data-id=\"fc25cc2\" data-element_type=\"column\">\n\t\t\t<div class=\"elementor-widget-wrap elementor-element-populated\">\n\t\t\t\t\t\t<section class=\"elementor-section elementor-inner-section elementor-element elementor-element-9cf0e3d elementor-section-full_width elementor-section-height-default elementor-section-height-default\" data-id=\"9cf0e3d\" data-element_type=\"section\">\n\t\t\t\t\t\t<div class=\"elementor-container elementor-column-gap-default\">\n\t\t\t\t\t<div class=\"elementor-column elementor-col-33 elementor-inner-column elementor-element elementor-element-e524530\" data-id=\"e524530\" data-element_type=\"column\">\n\t\t\t<div class=\"elementor-widget-wrap elementor-element-populated\">\n\t\t\t\t\t\t<div class=\"elementor-element elementor-element-c27d5f7 kyos-fixed-item elementor-view-default elementor-widget elementor-widget-icon\" data-id=\"c27d5f7\" data-element_type=\"widget\" data-widget_type=\"icon.default\">\n\t\t\t\t<div class=\"elementor-widget-container\">\n\t\t\t\t\t\t\t<div class=\"elementor-icon-wrapper\">\n\t\t\t<a class=\"elementor-icon\" href=\"https:\/\/staging.kyos.ch\/kyos\/\">\n\t\t\t<svg xmlns=\"http:\/\/www.w3.org\/2000\/svg\" width=\"13.156\" height=\"30.354\" viewBox=\"0 0 13.156 30.354\"><path id=\"Trac&#xE9;_4010\" data-name=\"Trac&#xE9; 4010\" d=\"M5.261,15.187h0L13.156,0H7.912L0,15.187,7.912,30.354h5.244Z\" fill=\"#fff\"><\/path><\/svg>\t\t\t<\/a>\n\t\t<\/div>\n\t\t\t\t\t\t<\/div>\n\t\t\t\t<\/div>\n\t\t\t\t\t<\/div>\n\t\t<\/div>\n\t\t\t\t<div class=\"elementor-column elementor-col-33 elementor-inner-column elementor-element elementor-element-d05d93e\" data-id=\"d05d93e\" data-element_type=\"column\">\n\t\t\t<div class=\"elementor-widget-wrap elementor-element-populated\">\n\t\t\t\t\t\t<div class=\"elementor-element elementor-element-e99987f kyos-fixed-item elementor-widget elementor-widget-text-editor\" data-id=\"e99987f\" data-element_type=\"widget\" data-widget_type=\"text-editor.default\">\n\t\t\t\t<div class=\"elementor-widget-container\">\n\t\t\t\t\t\t\t\t\t<p><a href=\"https:\/\/staging.kyos.ch\/en\/kyos\/\">About<\/a><\/p>\t\t\t\t\t\t\t\t<\/div>\n\t\t\t\t<\/div>\n\t\t\t\t\t<\/div>\n\t\t<\/div>\n\t\t\t\t<div class=\"elementor-column elementor-col-33 elementor-inner-column elementor-element elementor-element-2776c63\" data-id=\"2776c63\" data-element_type=\"column\">\n\t\t\t<div class=\"elementor-widget-wrap\">\n\t\t\t\t\t\t\t<\/div>\n\t\t<\/div>\n\t\t\t\t\t<\/div>\n\t\t<\/section>\n\t\t\t\t\t<\/div>\n\t\t<\/div>\n\t\t\t\t\t<\/div>\n\t\t<\/section>\n\t\t\t\t<\/div>\n\t\t\t\t<\/div>\n\t\t\t\t\t\t<\/div>\n\t\t\t\t<\/div>\n\t\t\t\t\t<\/div>\n\t\t<\/div>\n\t\t\t\t<div class=\"elementor-column elementor-col-33 elementor-top-column elementor-element elementor-element-f109ce6\" data-id=\"f109ce6\" data-element_type=\"column\">\n\t\t\t<div class=\"elementor-widget-wrap elementor-element-populated\">\n\t\t\t\t\t\t<div class=\"elementor-element elementor-element-5eaddc3 elementor-widget elementor-widget-heading\" data-id=\"5eaddc3\" data-element_type=\"widget\" data-widget_type=\"heading.default\">\n\t\t\t\t<div class=\"elementor-widget-container\">\n\t\t\t\t\t<h2 class=\"elementor-heading-title elementor-size-default\">Nexus Group<\/h2>\t\t\t\t<\/div>\n\t\t\t\t<\/div>\n\t\t\t\t<div class=\"elementor-element elementor-element-a8a7440 elementor-widget elementor-widget-text-editor\" data-id=\"a8a7440\" data-element_type=\"widget\" data-widget_type=\"text-editor.default\">\n\t\t\t\t<div class=\"elementor-widget-container\">\n\t\t\t\t\t\t\t\t\t<p class=\"MsoNormal\"><span lang=\"EN-US\">Nexus, a part of IN Groupe, is an innovative identity management company. We secure society by enabling trusted identities for people and things.<\/span>\u00a0<\/p><p class=\"MsoNormal\"><span lang=\"EN-US\">Nexus develops a range of security products that form the Nexus Smart ID platform. Through the Smart ID solution, we enable companies worldwide, of all sizes and from all industries to issue and manage the lifecycle of trusted identities for their workforce and workplace devices as well as for the internet of things (IoT). <\/span><\/p><p class=\"MsoNormal\"><span lang=\"EN-US\">The Nexus Smart ID platform empowers organizations to implement a smooth, automated, and governed environment for secure trusted identities.<\/span>\u00a0<\/p>\t\t\t\t\t\t\t\t<\/div>\n\t\t\t\t<\/div>\n\t\t\t\t<div class=\"elementor-element elementor-element-2c77fdb elementor-widget elementor-widget-video\" data-id=\"2c77fdb\" data-element_type=\"widget\" data-settings=\"{&quot;youtube_url&quot;:&quot;https:\\\/\\\/www.youtube.com\\\/watch?v=G4ANFYMyMHo&quot;,&quot;video_type&quot;:&quot;youtube&quot;,&quot;controls&quot;:&quot;yes&quot;}\" data-widget_type=\"video.default\">\n\t\t\t\t<div class=\"elementor-widget-container\">\n\t\t\t\t\t\t\t<div class=\"elementor-wrapper elementor-open-inline\">\n\t\t\t<div class=\"elementor-video\"><\/div>\t\t<\/div>\n\t\t\t\t\t\t<\/div>\n\t\t\t\t<\/div>\n\t\t\t\t<div class=\"elementor-element elementor-element-1910ad3 elementor-widget elementor-widget-text-editor\" data-id=\"1910ad3\" data-element_type=\"widget\" data-widget_type=\"text-editor.default\">\n\t\t\t\t<div class=\"elementor-widget-container\">\n\t\t\t\t\t\t\t\t\t<p class=\"MsoNormal\"><span lang=\"EN-US\">Developing and delivering high-security products and services is a top priority for our team. We pride ourselves on being certified in information security according to the\u00a0<\/span><span lang=\"DE\"><a href=\"https:\/\/www.nexusgroup.com\/wp-content\/uploads\/2019\/11\/171207-certifikat-iso-iec-27001.pdf\" target=\"_blank\" rel=\"noopener\"><span lang=\"EN-US\">ISO 27001:2013<\/span><\/a><\/span><span lang=\"EN-US\">\u00a0standard, having the highest level of protection for the\u00a0<\/span><span lang=\"DE\"><a href=\"https:\/\/www.nexusgroup.com\/nexus-gains-new-security-accreditation-highest-level-of-infosec-for-automotive-industry\/\" target=\"_blank\" rel=\"noopener\"><span lang=\"EN-US\">TISAX certification<\/span><\/a><\/span><span lang=\"EN-US\">\u00a0and obtaining the\u00a0<\/span><span lang=\"DE\"><a href=\"https:\/\/www.nexusgroup.com\/nexus-smart-id-pki-obtains-common-criteria\/\" target=\"_blank\" rel=\"noopener\"><span lang=\"EN-US\">Common Criteria EAL4+<\/span><\/a><\/span><span lang=\"EN-US\">\u00a0certification for our Smart ID PKI platform.<\/span>\u00a0<\/p><p class=\"MsoNormal\"><span lang=\"EN-US\">With over 300 employees across Europe and India and a global partner network, Nexus counts organizations of all sizes as customers and serves industries such as manufacturing, financial services, utility and infrastructure, public sector and construction.<\/span>\u00a0<\/p>\t\t\t\t\t\t\t\t<\/div>\n\t\t\t\t<\/div>\n\t\t\t\t<div class=\"elementor-element elementor-element-8d4bd97 elementor-widget elementor-widget-text-editor\" data-id=\"8d4bd97\" data-element_type=\"widget\" data-widget_type=\"text-editor.default\">\n\t\t\t\t<div class=\"elementor-widget-container\">\n\t\t\t\t\t\t\t\t\t<p><strong>Liste des produits de notre partenaire<\/strong><\/p>\t\t\t\t\t\t\t\t<\/div>\n\t\t\t\t<\/div>\n\t\t\t\t\t<\/div>\n\t\t<\/div>\n\t\t\t\t<div class=\"elementor-column elementor-col-33 elementor-top-column elementor-element elementor-element-bfee64c elementor-hidden-phone elementor-hidden-tablet\" data-id=\"bfee64c\" data-element_type=\"column\">\n\t\t\t<div class=\"elementor-widget-wrap elementor-element-populated\">\n\t\t\t\t\t\t<div class=\"elementor-element elementor-element-ed0ba00 kyos-fixed-item elementor-widget elementor-widget-image\" data-id=\"ed0ba00\" data-element_type=\"widget\" data-widget_type=\"image.default\">\n\t\t\t\t<div class=\"elementor-widget-container\">\n\t\t\t\t\t\t\t\t\t\t\t\t\t\t\t<img decoding=\"async\" width=\"300\" height=\"150\" src=\"https:\/\/staging.kyos.ch\/wp-content\/uploads\/2022\/08\/logo_nexus-NEW-logo.png\" class=\"attachment-large size-large wp-image-16412\" alt=\"\" \/>\t\t\t\t\t\t\t\t\t\t\t\t\t\t\t<\/div>\n\t\t\t\t<\/div>\n\t\t\t\t\t<\/div>\n\t\t<\/div>\n\t\t\t\t\t<\/div>\n\t\t<\/section>\n\t\t\t\t<\/div>\n\t\t","protected":false},"excerpt":{"rendered":"<p>Approche Notre \u00e9quipe \u00c9thique Partenaires R\u00e9f\u00e9rences Actualit\u00e9s Nous rejoindre Nexus Group Nexus, a part of IN Groupe, is an innovative identity management company. We secure society by enabling trusted identities for people and things.\u00a0 Nexus develops a range of security products that form the Nexus Smart ID platform. Through the Smart ID solution, we enable [&hellip;]<\/p>\n","protected":false},"author":3,"featured_media":0,"parent":1284,"menu_order":0,"comment_status":"closed","ping_status":"closed","template":"elementor_header_footer","meta":{"_acf_changed":false,"footnotes":""},"class_list":["post-12374","page","type-page","status-publish","hentry"],"acf":[],"yoast_head":"<!-- This site is optimized with the Yoast SEO plugin v26.4 - https:\/\/yoast.com\/wordpress\/plugins\/seo\/ -->\n<title>Nexus Group - KYOS<\/title>\n<meta name=\"robots\" content=\"index, follow, max-snippet:-1, max-image-preview:large, max-video-preview:-1\" \/>\n<link rel=\"canonical\" href=\"https:\/\/staging.kyos.ch\/kyos\/partenaires\/nexus\/\" \/>\n<meta property=\"og:locale\" content=\"en_US\" \/>\n<meta property=\"og:type\" content=\"article\" \/>\n<meta property=\"og:title\" content=\"Nexus Group - KYOS\" \/>\n<meta property=\"og:description\" content=\"Approche Notre \u00e9quipe \u00c9thique Partenaires R\u00e9f\u00e9rences Actualit\u00e9s Nous rejoindre Nexus Group Nexus, a part of IN Groupe, is an innovative identity management company. We secure society by enabling trusted identities for people and things.\u00a0 Nexus develops a range of security products that form the Nexus Smart ID platform. Through the Smart ID solution, we enable [&hellip;]\" \/>\n<meta property=\"og:url\" content=\"https:\/\/staging.kyos.ch\/kyos\/partenaires\/nexus\/\" \/>\n<meta property=\"og:site_name\" content=\"KYOS\" \/>\n<meta property=\"article:modified_time\" content=\"2022-08-08T07:45:01+00:00\" \/>\n<meta property=\"og:image\" content=\"https:\/\/www.kyos.ch\/wp-content\/uploads\/2022\/08\/logo_nexus-NEW-logo.png\" \/>\n<meta name=\"twitter:card\" content=\"summary_large_image\" \/>\n<meta name=\"twitter:label1\" content=\"Est. reading time\" \/>\n\t<meta name=\"twitter:data1\" content=\"4 minutes\" \/>\n<script type=\"application\/ld+json\" class=\"yoast-schema-graph\">{\"@context\":\"https:\/\/schema.org\",\"@graph\":[{\"@type\":\"WebPage\",\"@id\":\"https:\/\/staging.kyos.ch\/kyos\/partenaires\/nexus\/\",\"url\":\"https:\/\/staging.kyos.ch\/kyos\/partenaires\/nexus\/\",\"name\":\"Nexus Group - KYOS\",\"isPartOf\":{\"@id\":\"https:\/\/staging.kyos.ch\/#website\"},\"primaryImageOfPage\":{\"@id\":\"https:\/\/staging.kyos.ch\/kyos\/partenaires\/nexus\/#primaryimage\"},\"image\":{\"@id\":\"https:\/\/staging.kyos.ch\/kyos\/partenaires\/nexus\/#primaryimage\"},\"thumbnailUrl\":\"https:\/\/www.kyos.ch\/wp-content\/uploads\/2022\/08\/logo_nexus-NEW-logo.png\",\"datePublished\":\"2021-07-16T07:05:12+00:00\",\"dateModified\":\"2022-08-08T07:45:01+00:00\",\"breadcrumb\":{\"@id\":\"https:\/\/staging.kyos.ch\/kyos\/partenaires\/nexus\/#breadcrumb\"},\"inLanguage\":\"en-US\",\"potentialAction\":[{\"@type\":\"ReadAction\",\"target\":[\"https:\/\/staging.kyos.ch\/kyos\/partenaires\/nexus\/\"]}]},{\"@type\":\"ImageObject\",\"inLanguage\":\"en-US\",\"@id\":\"https:\/\/staging.kyos.ch\/kyos\/partenaires\/nexus\/#primaryimage\",\"url\":\"https:\/\/www.kyos.ch\/wp-content\/uploads\/2022\/08\/logo_nexus-NEW-logo.png\",\"contentUrl\":\"https:\/\/www.kyos.ch\/wp-content\/uploads\/2022\/08\/logo_nexus-NEW-logo.png\"},{\"@type\":\"BreadcrumbList\",\"@id\":\"https:\/\/staging.kyos.ch\/kyos\/partenaires\/nexus\/#breadcrumb\",\"itemListElement\":[{\"@type\":\"ListItem\",\"position\":1,\"name\":\"Home\",\"item\":\"https:\/\/staging.kyos.ch\/en\/\"},{\"@type\":\"ListItem\",\"position\":2,\"name\":\"Kyos\",\"item\":\"https:\/\/staging.kyos.ch\/kyos\/\"},{\"@type\":\"ListItem\",\"position\":3,\"name\":\"Partners\",\"item\":\"https:\/\/staging.kyos.ch\/kyos\/partenaires\/\"},{\"@type\":\"ListItem\",\"position\":4,\"name\":\"Nexus Group\"}]},{\"@type\":\"WebSite\",\"@id\":\"https:\/\/staging.kyos.ch\/#website\",\"url\":\"https:\/\/staging.kyos.ch\/\",\"name\":\"KYOS\",\"description\":\"Better safe than sorry\",\"publisher\":{\"@id\":\"https:\/\/staging.kyos.ch\/#organization\"},\"potentialAction\":[{\"@type\":\"SearchAction\",\"target\":{\"@type\":\"EntryPoint\",\"urlTemplate\":\"https:\/\/staging.kyos.ch\/?s={search_term_string}\"},\"query-input\":{\"@type\":\"PropertyValueSpecification\",\"valueRequired\":true,\"valueName\":\"search_term_string\"}}],\"inLanguage\":\"en-US\"},{\"@type\":\"Organization\",\"@id\":\"https:\/\/staging.kyos.ch\/#organization\",\"name\":\"KYOS\",\"url\":\"https:\/\/staging.kyos.ch\/\",\"logo\":{\"@type\":\"ImageObject\",\"inLanguage\":\"en-US\",\"@id\":\"https:\/\/staging.kyos.ch\/#\/schema\/logo\/image\/\",\"url\":\"https:\/\/staging.kyos.ch\/wp-content\/uploads\/2021\/06\/01.kyos_.logo_.noir_.width_.360-1.png\",\"contentUrl\":\"https:\/\/staging.kyos.ch\/wp-content\/uploads\/2021\/06\/01.kyos_.logo_.noir_.width_.360-1.png\",\"width\":360,\"height\":80,\"caption\":\"KYOS\"},\"image\":{\"@id\":\"https:\/\/staging.kyos.ch\/#\/schema\/logo\/image\/\"}}]}<\/script>\n<!-- \/ Yoast SEO plugin. -->","yoast_head_json":{"title":"Nexus Group - KYOS","robots":{"index":"index","follow":"follow","max-snippet":"max-snippet:-1","max-image-preview":"max-image-preview:large","max-video-preview":"max-video-preview:-1"},"canonical":"https:\/\/staging.kyos.ch\/kyos\/partenaires\/nexus\/","og_locale":"en_US","og_type":"article","og_title":"Nexus Group - KYOS","og_description":"Approche Notre \u00e9quipe \u00c9thique Partenaires R\u00e9f\u00e9rences Actualit\u00e9s Nous rejoindre Nexus Group Nexus, a part of IN Groupe, is an innovative identity management company. We secure society by enabling trusted identities for people and things.\u00a0 Nexus develops a range of security products that form the Nexus Smart ID platform. Through the Smart ID solution, we enable [&hellip;]","og_url":"https:\/\/staging.kyos.ch\/kyos\/partenaires\/nexus\/","og_site_name":"KYOS","article_modified_time":"2022-08-08T07:45:01+00:00","og_image":[{"url":"https:\/\/www.kyos.ch\/wp-content\/uploads\/2022\/08\/logo_nexus-NEW-logo.png","type":"","width":"","height":""}],"twitter_card":"summary_large_image","twitter_misc":{"Est. reading time":"4 minutes"},"schema":{"@context":"https:\/\/schema.org","@graph":[{"@type":"WebPage","@id":"https:\/\/staging.kyos.ch\/kyos\/partenaires\/nexus\/","url":"https:\/\/staging.kyos.ch\/kyos\/partenaires\/nexus\/","name":"Nexus Group - KYOS","isPartOf":{"@id":"https:\/\/staging.kyos.ch\/#website"},"primaryImageOfPage":{"@id":"https:\/\/staging.kyos.ch\/kyos\/partenaires\/nexus\/#primaryimage"},"image":{"@id":"https:\/\/staging.kyos.ch\/kyos\/partenaires\/nexus\/#primaryimage"},"thumbnailUrl":"https:\/\/www.kyos.ch\/wp-content\/uploads\/2022\/08\/logo_nexus-NEW-logo.png","datePublished":"2021-07-16T07:05:12+00:00","dateModified":"2022-08-08T07:45:01+00:00","breadcrumb":{"@id":"https:\/\/staging.kyos.ch\/kyos\/partenaires\/nexus\/#breadcrumb"},"inLanguage":"en-US","potentialAction":[{"@type":"ReadAction","target":["https:\/\/staging.kyos.ch\/kyos\/partenaires\/nexus\/"]}]},{"@type":"ImageObject","inLanguage":"en-US","@id":"https:\/\/staging.kyos.ch\/kyos\/partenaires\/nexus\/#primaryimage","url":"https:\/\/www.kyos.ch\/wp-content\/uploads\/2022\/08\/logo_nexus-NEW-logo.png","contentUrl":"https:\/\/www.kyos.ch\/wp-content\/uploads\/2022\/08\/logo_nexus-NEW-logo.png"},{"@type":"BreadcrumbList","@id":"https:\/\/staging.kyos.ch\/kyos\/partenaires\/nexus\/#breadcrumb","itemListElement":[{"@type":"ListItem","position":1,"name":"Home","item":"https:\/\/staging.kyos.ch\/en\/"},{"@type":"ListItem","position":2,"name":"Kyos","item":"https:\/\/staging.kyos.ch\/kyos\/"},{"@type":"ListItem","position":3,"name":"Partners","item":"https:\/\/staging.kyos.ch\/kyos\/partenaires\/"},{"@type":"ListItem","position":4,"name":"Nexus Group"}]},{"@type":"WebSite","@id":"https:\/\/staging.kyos.ch\/#website","url":"https:\/\/staging.kyos.ch\/","name":"KYOS","description":"Better safe than sorry","publisher":{"@id":"https:\/\/staging.kyos.ch\/#organization"},"potentialAction":[{"@type":"SearchAction","target":{"@type":"EntryPoint","urlTemplate":"https:\/\/staging.kyos.ch\/?s={search_term_string}"},"query-input":{"@type":"PropertyValueSpecification","valueRequired":true,"valueName":"search_term_string"}}],"inLanguage":"en-US"},{"@type":"Organization","@id":"https:\/\/staging.kyos.ch\/#organization","name":"KYOS","url":"https:\/\/staging.kyos.ch\/","logo":{"@type":"ImageObject","inLanguage":"en-US","@id":"https:\/\/staging.kyos.ch\/#\/schema\/logo\/image\/","url":"https:\/\/staging.kyos.ch\/wp-content\/uploads\/2021\/06\/01.kyos_.logo_.noir_.width_.360-1.png","contentUrl":"https:\/\/staging.kyos.ch\/wp-content\/uploads\/2021\/06\/01.kyos_.logo_.noir_.width_.360-1.png","width":360,"height":80,"caption":"KYOS"},"image":{"@id":"https:\/\/staging.kyos.ch\/#\/schema\/logo\/image\/"}}]}},"_links":{"self":[{"href":"https:\/\/staging.kyos.ch\/en\/wp-json\/wp\/v2\/pages\/12374","targetHints":{"allow":["GET"]}}],"collection":[{"href":"https:\/\/staging.kyos.ch\/en\/wp-json\/wp\/v2\/pages"}],"about":[{"href":"https:\/\/staging.kyos.ch\/en\/wp-json\/wp\/v2\/types\/page"}],"author":[{"embeddable":true,"href":"https:\/\/staging.kyos.ch\/en\/wp-json\/wp\/v2\/users\/3"}],"replies":[{"embeddable":true,"href":"https:\/\/staging.kyos.ch\/en\/wp-json\/wp\/v2\/comments?post=12374"}],"version-history":[{"count":16,"href":"https:\/\/staging.kyos.ch\/en\/wp-json\/wp\/v2\/pages\/12374\/revisions"}],"predecessor-version":[{"id":16449,"href":"https:\/\/staging.kyos.ch\/en\/wp-json\/wp\/v2\/pages\/12374\/revisions\/16449"}],"up":[{"embeddable":true,"href":"https:\/\/staging.kyos.ch\/en\/wp-json\/wp\/v2\/pages\/1284"}],"wp:attachment":[{"href":"https:\/\/staging.kyos.ch\/en\/wp-json\/wp\/v2\/media?parent=12374"}],"curies":[{"name":"wp","href":"https:\/\/api.w.org\/{rel}","templated":true}]}}