{"id":1387,"date":"2021-02-11T11:19:22","date_gmt":"2021-02-11T10:19:22","guid":{"rendered":"https:\/\/www.kyos.ch\/security\/end-points\/"},"modified":"2025-10-17T07:29:53","modified_gmt":"2025-10-17T05:29:53","slug":"end-points","status":"publish","type":"page","link":"https:\/\/staging.kyos.ch\/en\/security\/end-points\/","title":{"rendered":"Endpoint"},"content":{"rendered":"\t\t<div data-elementor-type=\"wp-page\" data-elementor-id=\"1387\" class=\"elementor elementor-1387 elementor-965\" data-elementor-post-type=\"page\">\n\t\t\t\t\t\t<section class=\"elementor-section elementor-top-section elementor-element elementor-element-b337b5f elementor-section-full_width elementor-hidden-desktop elementor-section-height-default elementor-section-height-default\" data-id=\"b337b5f\" data-element_type=\"section\" data-settings=\"{&quot;background_background&quot;:&quot;classic&quot;,&quot;sticky&quot;:&quot;top&quot;,&quot;sticky_offset&quot;:62,&quot;sticky_on&quot;:[&quot;tablet&quot;,&quot;mobile&quot;],&quot;sticky_effects_offset&quot;:0,&quot;sticky_anchor_link_offset&quot;:0}\">\n\t\t\t\t\t\t<div class=\"elementor-container elementor-column-gap-default\">\n\t\t\t\t\t<div class=\"elementor-column elementor-col-100 elementor-top-column elementor-element elementor-element-fc929de kyos-horizontal-nav-scroll\" data-id=\"fc929de\" data-element_type=\"column\">\n\t\t\t<div class=\"elementor-widget-wrap\">\n\t\t\t\t\t\t\t<\/div>\n\t\t<\/div>\n\t\t\t\t\t<\/div>\n\t\t<\/section>\n\t\t\t\t<section class=\"elementor-section elementor-top-section elementor-element elementor-element-36e3f90f elementor-section-full_width elementor-section-height-default elementor-section-height-default\" data-id=\"36e3f90f\" data-element_type=\"section\" data-settings=\"{&quot;background_background&quot;:&quot;classic&quot;}\">\n\t\t\t\t\t\t<div class=\"elementor-container elementor-column-gap-default\">\n\t\t\t\t\t<div class=\"elementor-column elementor-col-33 elementor-top-column elementor-element elementor-element-4fdeb247  kyos-vertical-menu elementor-hidden-mobile elementor-hidden-tablet\" data-id=\"4fdeb247\" data-element_type=\"column\">\n\t\t\t<div class=\"elementor-widget-wrap elementor-element-populated\">\n\t\t\t\t\t\t<div class=\"elementor-element elementor-element-e960d9f kyos-fixed-item elementor-widget elementor-widget-template\" data-id=\"e960d9f\" data-element_type=\"widget\" data-widget_type=\"template.default\">\n\t\t\t\t<div class=\"elementor-widget-container\">\n\t\t\t\t\t\t\t<div class=\"elementor-template\">\n\t\t\t\t\t<div data-elementor-type=\"section\" data-elementor-id=\"1682\" class=\"elementor elementor-1682 elementor-941\" data-elementor-post-type=\"elementor_library\">\n\t\t\t\t\t<section class=\"elementor-section elementor-top-section elementor-element elementor-element-1a817b3 elementor-section-boxed elementor-section-height-default elementor-section-height-default\" data-id=\"1a817b3\" data-element_type=\"section\">\n\t\t\t\t\t\t<div class=\"elementor-container elementor-column-gap-default\">\n\t\t\t\t\t<div class=\"elementor-column elementor-col-100 elementor-top-column elementor-element elementor-element-c46ce32\" data-id=\"c46ce32\" data-element_type=\"column\">\n\t\t\t<div class=\"elementor-widget-wrap elementor-element-populated\">\n\t\t\t\t\t\t<section class=\"elementor-section elementor-inner-section elementor-element elementor-element-671c757 elementor-section-full_width elementor-section-height-default elementor-section-height-default\" data-id=\"671c757\" data-element_type=\"section\">\n\t\t\t\t\t\t<div class=\"elementor-container elementor-column-gap-default\">\n\t\t\t\t\t<div class=\"elementor-column elementor-col-33 elementor-inner-column elementor-element elementor-element-e715808\" data-id=\"e715808\" data-element_type=\"column\">\n\t\t\t<div class=\"elementor-widget-wrap elementor-element-populated\">\n\t\t\t\t\t\t<div class=\"elementor-element elementor-element-018df10 kyos-fixed-item elementor-view-default elementor-widget elementor-widget-icon\" data-id=\"018df10\" data-element_type=\"widget\" data-widget_type=\"icon.default\">\n\t\t\t\t<div class=\"elementor-widget-container\">\n\t\t\t\t\t\t\t<div class=\"elementor-icon-wrapper\">\n\t\t\t<a class=\"elementor-icon\" href=\"https:\/\/staging.kyos.ch\/kyos\/\">\n\t\t\t<svg xmlns=\"http:\/\/www.w3.org\/2000\/svg\" width=\"13.156\" height=\"30.354\" viewBox=\"0 0 13.156 30.354\"><path id=\"Trac&#xE9;_4010\" data-name=\"Trac&#xE9; 4010\" d=\"M5.261,15.187h0L13.156,0H7.912L0,15.187,7.912,30.354h5.244Z\" fill=\"#fff\"><\/path><\/svg>\t\t\t<\/a>\n\t\t<\/div>\n\t\t\t\t\t\t<\/div>\n\t\t\t\t<\/div>\n\t\t\t\t\t<\/div>\n\t\t<\/div>\n\t\t\t\t<div class=\"elementor-column elementor-col-33 elementor-inner-column elementor-element elementor-element-bea60eb\" data-id=\"bea60eb\" data-element_type=\"column\">\n\t\t\t<div class=\"elementor-widget-wrap elementor-element-populated\">\n\t\t\t\t\t\t<div class=\"elementor-element elementor-element-28796b2 kyos-fixed-item elementor-widget elementor-widget-text-editor\" data-id=\"28796b2\" data-element_type=\"widget\" data-widget_type=\"text-editor.default\">\n\t\t\t\t<div class=\"elementor-widget-container\">\n\t\t\t\t\t\t\t\t\t<p><a href=\"https:\/\/staging.kyos.ch\/en\/security\/\">Security<\/a><\/p>\t\t\t\t\t\t\t\t<\/div>\n\t\t\t\t<\/div>\n\t\t\t\t\t<\/div>\n\t\t<\/div>\n\t\t\t\t<div class=\"elementor-column elementor-col-33 elementor-inner-column elementor-element elementor-element-9bb27a1\" data-id=\"9bb27a1\" data-element_type=\"column\">\n\t\t\t<div class=\"elementor-widget-wrap\">\n\t\t\t\t\t\t\t<\/div>\n\t\t<\/div>\n\t\t\t\t\t<\/div>\n\t\t<\/section>\n\t\t\t\t\t<\/div>\n\t\t<\/div>\n\t\t\t\t\t<\/div>\n\t\t<\/section>\n\t\t\t\t<\/div>\n\t\t\t\t<\/div>\n\t\t\t\t\t\t<\/div>\n\t\t\t\t<\/div>\n\t\t\t\t\t<\/div>\n\t\t<\/div>\n\t\t\t\t<div class=\"elementor-column elementor-col-33 elementor-top-column elementor-element elementor-element-4b6020e4\" data-id=\"4b6020e4\" data-element_type=\"column\">\n\t\t\t<div class=\"elementor-widget-wrap elementor-element-populated\">\n\t\t\t\t\t\t<div class=\"elementor-element elementor-element-5b808a0 elementor-widget elementor-widget-heading\" data-id=\"5b808a0\" data-element_type=\"widget\" data-widget_type=\"heading.default\">\n\t\t\t\t<div class=\"elementor-widget-container\">\n\t\t\t\t\t<h1 class=\"elementor-heading-title elementor-size-default\">Endpoint security<\/h1>\t\t\t\t<\/div>\n\t\t\t\t<\/div>\n\t\t\t\t<div class=\"elementor-element elementor-element-4b20618 elementor-widget elementor-widget-text-editor\" data-id=\"4b20618\" data-element_type=\"widget\" data-widget_type=\"text-editor.default\">\n\t\t\t\t<div class=\"elementor-widget-container\">\n\t\t\t\t\t\t\t\t\t<p><span class=\"TextRun SCXW91118179 BCX8\" lang=\"EN-US\" xml:lang=\"EN-US\" data-contrast=\"auto\"><span class=\"NormalTextRun SCXW91118179 BCX8\">Previously satisfactory thanks to the deployment of a simple anti-virus, the protection of user workstations and mobile terminals has become a critical point in IT security.<\/span><\/span><\/p><p><span class=\"TextRun SCXW91118179 BCX8\" lang=\"EN-US\" xml:lang=\"EN-US\" data-contrast=\"auto\"><span class=\"NormalTextRun SCXW91118179 BCX8\"> The development of mobility, mobile terminals, such as smartphones\u00a0<\/span><span class=\"NormalTextRun SCXW91118179 BCX8\">and tablets, as well as the permanent rapprochement of the public and private spheres, now make it an unavoidable issue. <\/span><\/span><\/p><p><span class=\"TextRun SCXW91118179 BCX8\" lang=\"EN-US\" xml:lang=\"EN-US\" data-contrast=\"auto\"><span class=\"NormalTextRun SCXW91118179 BCX8\">EPP, EDR, XDR, CASB, are concepts that may seem complex to implement<\/span><span class=\"NormalTextRun SCXW91118179 BCX8\">. <\/span><\/span><\/p><p><span class=\"TextRun SCXW91118179 BCX8\" lang=\"EN-US\" xml:lang=\"EN-US\" data-contrast=\"auto\"><span class=\"NormalTextRun SCXW91118179 BCX8\">KYOS <\/span><span class=\"NormalTextRun SCXW91118179 BCX8\">helps you by offering simple solutions that are adapted to your needs.<\/span><\/span><span class=\"EOP SCXW91118179 BCX8\" data-ccp-props=\"{&quot;201341983&quot;:0,&quot;335559740&quot;:259}\">\u00a0<\/span><\/p>\t\t\t\t\t\t\t\t<\/div>\n\t\t\t\t<\/div>\n\t\t\t\t<div class=\"elementor-element elementor-element-6789372 elementor-widget-divider--view-line elementor-widget elementor-widget-divider\" data-id=\"6789372\" data-element_type=\"widget\" data-widget_type=\"divider.default\">\n\t\t\t\t<div class=\"elementor-widget-container\">\n\t\t\t\t\t\t\t<div class=\"elementor-divider\">\n\t\t\t<span class=\"elementor-divider-separator\">\n\t\t\t\t\t\t<\/span>\n\t\t<\/div>\n\t\t\t\t\t\t<\/div>\n\t\t\t\t<\/div>\n\t\t\t\t<div class=\"elementor-element elementor-element-4a2d0bb elementor-widget elementor-widget-text-editor\" data-id=\"4a2d0bb\" data-element_type=\"widget\" data-widget_type=\"text-editor.default\">\n\t\t\t\t<div class=\"elementor-widget-container\">\n\t\t\t\t\t\t\t\t\t<p>In this area we offer the following solutions together with our partners<\/p>\t\t\t\t\t\t\t\t<\/div>\n\t\t\t\t<\/div>\n\t\t\t\t\t<\/div>\n\t\t<\/div>\n\t\t\t\t<div class=\"elementor-column elementor-col-33 elementor-top-column elementor-element elementor-element-421cf811 elementor-hidden-phone elementor-hidden-tablet\" data-id=\"421cf811\" data-element_type=\"column\">\n\t\t\t<div class=\"elementor-widget-wrap elementor-element-populated\">\n\t\t\t\t\t\t<div class=\"elementor-element elementor-element-e9fc7bd kyos-fixed-item elementor-widget elementor-widget-template\" data-id=\"e9fc7bd\" data-element_type=\"widget\" data-widget_type=\"template.default\">\n\t\t\t\t<div class=\"elementor-widget-container\">\n\t\t\t\t\t\t\t<div class=\"elementor-template\">\n\t\t\t\t\t<div data-elementor-type=\"section\" data-elementor-id=\"3778\" class=\"elementor elementor-3778 elementor-3711\" data-elementor-post-type=\"elementor_library\">\n\t\t\t\t\t<section class=\"elementor-section elementor-top-section elementor-element elementor-element-5238d6e elementor-section-boxed elementor-section-height-default elementor-section-height-default\" data-id=\"5238d6e\" data-element_type=\"section\">\n\t\t\t\t\t\t<div class=\"elementor-container elementor-column-gap-default\">\n\t\t\t\t\t<div class=\"elementor-column elementor-col-100 elementor-top-column elementor-element elementor-element-cd7e45e\" data-id=\"cd7e45e\" data-element_type=\"column\">\n\t\t\t<div class=\"elementor-widget-wrap elementor-element-populated\">\n\t\t\t\t\t\t<div class=\"elementor-element elementor-element-36b1da6 elementor-widget elementor-widget-text-editor\" data-id=\"36b1da6\" data-element_type=\"widget\" data-widget_type=\"text-editor.default\">\n\t\t\t\t<div class=\"elementor-widget-container\">\n\t\t\t\t\t\t\t\t\t<p>More information on this subject?<\/p><p>We are at your disposal!<\/p>\t\t\t\t\t\t\t\t<\/div>\n\t\t\t\t<\/div>\n\t\t\t\t<div class=\"elementor-element elementor-element-63e064d elementor-widget elementor-widget-button\" data-id=\"63e064d\" data-element_type=\"widget\" data-widget_type=\"button.default\">\n\t\t\t\t<div class=\"elementor-widget-container\">\n\t\t\t\t\t\t\t\t\t<div class=\"elementor-button-wrapper\">\n\t\t\t\t\t<a class=\"elementor-button elementor-button-link elementor-size-sm\" href=\"#kyos-footer-bloc\">\n\t\t\t\t\t\t<span class=\"elementor-button-content-wrapper\">\n\t\t\t\t\t\t\t\t\t<span class=\"elementor-button-text\">Contact us<\/span>\n\t\t\t\t\t<\/span>\n\t\t\t\t\t<\/a>\n\t\t\t\t<\/div>\n\t\t\t\t\t\t\t\t<\/div>\n\t\t\t\t<\/div>\n\t\t\t\t\t<\/div>\n\t\t<\/div>\n\t\t\t\t\t<\/div>\n\t\t<\/section>\n\t\t\t\t<\/div>\n\t\t\t\t<\/div>\n\t\t\t\t\t\t<\/div>\n\t\t\t\t<\/div>\n\t\t\t\t\t<\/div>\n\t\t<\/div>\n\t\t\t\t\t<\/div>\n\t\t<\/section>\n\t\t\t\t<\/div>\n\t\t","protected":false},"excerpt":{"rendered":"<p>Main Menu Audit et Pentests Identit\u00e9s et Acc\u00e8s P\u00e9rim\u00e9trique et contenus Endpoint Donn\u00e9es et Chiffrement Formation Gestion des Ev\u00e8nements Endpoint security Previously satisfactory thanks to the deployment of a simple anti-virus, the protection of user workstations and mobile terminals has become a critical point in IT security. The development of mobility, mobile terminals, such as [&hellip;]<\/p>\n","protected":false},"author":1,"featured_media":0,"parent":1364,"menu_order":3,"comment_status":"closed","ping_status":"closed","template":"","meta":{"_acf_changed":false,"footnotes":""},"class_list":["post-1387","page","type-page","status-publish","hentry"],"acf":[],"yoast_head":"<!-- This site is optimized with the Yoast SEO plugin v26.4 - https:\/\/yoast.com\/wordpress\/plugins\/seo\/ -->\n<title>Endpoint - KYOS<\/title>\n<meta name=\"robots\" content=\"index, follow, max-snippet:-1, max-image-preview:large, max-video-preview:-1\" \/>\n<link rel=\"canonical\" href=\"https:\/\/staging.kyos.ch\/securite\/end-points\/\" \/>\n<meta property=\"og:locale\" content=\"en_US\" \/>\n<meta property=\"og:type\" content=\"article\" \/>\n<meta property=\"og:title\" content=\"Endpoint - KYOS\" \/>\n<meta property=\"og:description\" content=\"Main Menu Audit et Pentests Identit\u00e9s et Acc\u00e8s P\u00e9rim\u00e9trique et contenus Endpoint Donn\u00e9es et Chiffrement Formation Gestion des Ev\u00e8nements Endpoint security Previously satisfactory thanks to the deployment of a simple anti-virus, the protection of user workstations and mobile terminals has become a critical point in IT security. The development of mobility, mobile terminals, such as [&hellip;]\" \/>\n<meta property=\"og:url\" content=\"https:\/\/staging.kyos.ch\/securite\/end-points\/\" \/>\n<meta property=\"og:site_name\" content=\"KYOS\" \/>\n<meta property=\"article:modified_time\" content=\"2025-10-17T05:29:53+00:00\" \/>\n<meta name=\"twitter:card\" content=\"summary_large_image\" \/>\n<meta name=\"twitter:label1\" content=\"Est. reading time\" \/>\n\t<meta name=\"twitter:data1\" content=\"1 minute\" \/>\n<script type=\"application\/ld+json\" class=\"yoast-schema-graph\">{\"@context\":\"https:\/\/schema.org\",\"@graph\":[{\"@type\":\"WebPage\",\"@id\":\"https:\/\/staging.kyos.ch\/securite\/end-points\/\",\"url\":\"https:\/\/staging.kyos.ch\/securite\/end-points\/\",\"name\":\"Endpoint - KYOS\",\"isPartOf\":{\"@id\":\"https:\/\/staging.kyos.ch\/#website\"},\"datePublished\":\"2021-02-11T10:19:22+00:00\",\"dateModified\":\"2025-10-17T05:29:53+00:00\",\"breadcrumb\":{\"@id\":\"https:\/\/staging.kyos.ch\/securite\/end-points\/#breadcrumb\"},\"inLanguage\":\"en-US\",\"potentialAction\":[{\"@type\":\"ReadAction\",\"target\":[\"https:\/\/staging.kyos.ch\/securite\/end-points\/\"]}]},{\"@type\":\"BreadcrumbList\",\"@id\":\"https:\/\/staging.kyos.ch\/securite\/end-points\/#breadcrumb\",\"itemListElement\":[{\"@type\":\"ListItem\",\"position\":1,\"name\":\"Home\",\"item\":\"https:\/\/staging.kyos.ch\/en\/\"},{\"@type\":\"ListItem\",\"position\":2,\"name\":\"Security\",\"item\":\"https:\/\/staging.kyos.ch\/securite\/\"},{\"@type\":\"ListItem\",\"position\":3,\"name\":\"Endpoint\"}]},{\"@type\":\"WebSite\",\"@id\":\"https:\/\/staging.kyos.ch\/#website\",\"url\":\"https:\/\/staging.kyos.ch\/\",\"name\":\"KYOS\",\"description\":\"Better safe than sorry\",\"publisher\":{\"@id\":\"https:\/\/staging.kyos.ch\/#organization\"},\"potentialAction\":[{\"@type\":\"SearchAction\",\"target\":{\"@type\":\"EntryPoint\",\"urlTemplate\":\"https:\/\/staging.kyos.ch\/?s={search_term_string}\"},\"query-input\":{\"@type\":\"PropertyValueSpecification\",\"valueRequired\":true,\"valueName\":\"search_term_string\"}}],\"inLanguage\":\"en-US\"},{\"@type\":\"Organization\",\"@id\":\"https:\/\/staging.kyos.ch\/#organization\",\"name\":\"KYOS\",\"url\":\"https:\/\/staging.kyos.ch\/\",\"logo\":{\"@type\":\"ImageObject\",\"inLanguage\":\"en-US\",\"@id\":\"https:\/\/staging.kyos.ch\/#\/schema\/logo\/image\/\",\"url\":\"https:\/\/staging.kyos.ch\/wp-content\/uploads\/2021\/06\/01.kyos_.logo_.noir_.width_.360-1.png\",\"contentUrl\":\"https:\/\/staging.kyos.ch\/wp-content\/uploads\/2021\/06\/01.kyos_.logo_.noir_.width_.360-1.png\",\"width\":360,\"height\":80,\"caption\":\"KYOS\"},\"image\":{\"@id\":\"https:\/\/staging.kyos.ch\/#\/schema\/logo\/image\/\"}}]}<\/script>\n<!-- \/ Yoast SEO plugin. -->","yoast_head_json":{"title":"Endpoint - KYOS","robots":{"index":"index","follow":"follow","max-snippet":"max-snippet:-1","max-image-preview":"max-image-preview:large","max-video-preview":"max-video-preview:-1"},"canonical":"https:\/\/staging.kyos.ch\/securite\/end-points\/","og_locale":"en_US","og_type":"article","og_title":"Endpoint - KYOS","og_description":"Main Menu Audit et Pentests Identit\u00e9s et Acc\u00e8s P\u00e9rim\u00e9trique et contenus Endpoint Donn\u00e9es et Chiffrement Formation Gestion des Ev\u00e8nements Endpoint security Previously satisfactory thanks to the deployment of a simple anti-virus, the protection of user workstations and mobile terminals has become a critical point in IT security. The development of mobility, mobile terminals, such as [&hellip;]","og_url":"https:\/\/staging.kyos.ch\/securite\/end-points\/","og_site_name":"KYOS","article_modified_time":"2025-10-17T05:29:53+00:00","twitter_card":"summary_large_image","twitter_misc":{"Est. reading time":"1 minute"},"schema":{"@context":"https:\/\/schema.org","@graph":[{"@type":"WebPage","@id":"https:\/\/staging.kyos.ch\/securite\/end-points\/","url":"https:\/\/staging.kyos.ch\/securite\/end-points\/","name":"Endpoint - KYOS","isPartOf":{"@id":"https:\/\/staging.kyos.ch\/#website"},"datePublished":"2021-02-11T10:19:22+00:00","dateModified":"2025-10-17T05:29:53+00:00","breadcrumb":{"@id":"https:\/\/staging.kyos.ch\/securite\/end-points\/#breadcrumb"},"inLanguage":"en-US","potentialAction":[{"@type":"ReadAction","target":["https:\/\/staging.kyos.ch\/securite\/end-points\/"]}]},{"@type":"BreadcrumbList","@id":"https:\/\/staging.kyos.ch\/securite\/end-points\/#breadcrumb","itemListElement":[{"@type":"ListItem","position":1,"name":"Home","item":"https:\/\/staging.kyos.ch\/en\/"},{"@type":"ListItem","position":2,"name":"Security","item":"https:\/\/staging.kyos.ch\/securite\/"},{"@type":"ListItem","position":3,"name":"Endpoint"}]},{"@type":"WebSite","@id":"https:\/\/staging.kyos.ch\/#website","url":"https:\/\/staging.kyos.ch\/","name":"KYOS","description":"Better safe than sorry","publisher":{"@id":"https:\/\/staging.kyos.ch\/#organization"},"potentialAction":[{"@type":"SearchAction","target":{"@type":"EntryPoint","urlTemplate":"https:\/\/staging.kyos.ch\/?s={search_term_string}"},"query-input":{"@type":"PropertyValueSpecification","valueRequired":true,"valueName":"search_term_string"}}],"inLanguage":"en-US"},{"@type":"Organization","@id":"https:\/\/staging.kyos.ch\/#organization","name":"KYOS","url":"https:\/\/staging.kyos.ch\/","logo":{"@type":"ImageObject","inLanguage":"en-US","@id":"https:\/\/staging.kyos.ch\/#\/schema\/logo\/image\/","url":"https:\/\/staging.kyos.ch\/wp-content\/uploads\/2021\/06\/01.kyos_.logo_.noir_.width_.360-1.png","contentUrl":"https:\/\/staging.kyos.ch\/wp-content\/uploads\/2021\/06\/01.kyos_.logo_.noir_.width_.360-1.png","width":360,"height":80,"caption":"KYOS"},"image":{"@id":"https:\/\/staging.kyos.ch\/#\/schema\/logo\/image\/"}}]}},"_links":{"self":[{"href":"https:\/\/staging.kyos.ch\/en\/wp-json\/wp\/v2\/pages\/1387","targetHints":{"allow":["GET"]}}],"collection":[{"href":"https:\/\/staging.kyos.ch\/en\/wp-json\/wp\/v2\/pages"}],"about":[{"href":"https:\/\/staging.kyos.ch\/en\/wp-json\/wp\/v2\/types\/page"}],"author":[{"embeddable":true,"href":"https:\/\/staging.kyos.ch\/en\/wp-json\/wp\/v2\/users\/1"}],"replies":[{"embeddable":true,"href":"https:\/\/staging.kyos.ch\/en\/wp-json\/wp\/v2\/comments?post=1387"}],"version-history":[{"count":15,"href":"https:\/\/staging.kyos.ch\/en\/wp-json\/wp\/v2\/pages\/1387\/revisions"}],"predecessor-version":[{"id":21098,"href":"https:\/\/staging.kyos.ch\/en\/wp-json\/wp\/v2\/pages\/1387\/revisions\/21098"}],"up":[{"embeddable":true,"href":"https:\/\/staging.kyos.ch\/en\/wp-json\/wp\/v2\/pages\/1364"}],"wp:attachment":[{"href":"https:\/\/staging.kyos.ch\/en\/wp-json\/wp\/v2\/media?parent=1387"}],"curies":[{"name":"wp","href":"https:\/\/api.w.org\/{rel}","templated":true}]}}