{"id":14415,"date":"2021-12-30T11:36:49","date_gmt":"2021-12-30T10:36:49","guid":{"rendered":"https:\/\/www.kyos.ch\/?page_id=14415"},"modified":"2022-02-14T10:00:27","modified_gmt":"2022-02-14T09:00:27","slug":"wallix","status":"publish","type":"page","link":"https:\/\/staging.kyos.ch\/en\/kyos\/partners\/wallix\/","title":{"rendered":"WALLIX Group"},"content":{"rendered":"\t\t<div data-elementor-type=\"wp-page\" data-elementor-id=\"14415\" class=\"elementor elementor-14415 elementor-14379\" data-elementor-post-type=\"page\">\n\t\t\t\t\t\t<section class=\"elementor-section elementor-top-section elementor-element elementor-element-70a3d4d elementor-section-full_width elementor-hidden-desktop elementor-section-height-default elementor-section-height-default\" data-id=\"70a3d4d\" data-element_type=\"section\" data-settings=\"{&quot;background_background&quot;:&quot;classic&quot;,&quot;sticky&quot;:&quot;top&quot;,&quot;sticky_offset&quot;:62,&quot;sticky_on&quot;:[&quot;desktop&quot;,&quot;tablet&quot;,&quot;mobile&quot;],&quot;sticky_effects_offset&quot;:0,&quot;sticky_anchor_link_offset&quot;:0}\">\n\t\t\t\t\t\t<div class=\"elementor-container elementor-column-gap-default\">\n\t\t\t\t\t<div class=\"elementor-column elementor-col-100 elementor-top-column elementor-element elementor-element-fb10bd1 kyos-horizontal-nav-scroll\" data-id=\"fb10bd1\" data-element_type=\"column\">\n\t\t\t<div class=\"elementor-widget-wrap\">\n\t\t\t\t\t\t\t<\/div>\n\t\t<\/div>\n\t\t\t\t\t<\/div>\n\t\t<\/section>\n\t\t\t\t<section class=\"elementor-section elementor-top-section elementor-element elementor-element-11ca0f3 elementor-section-full_width elementor-section-height-default elementor-section-height-default\" data-id=\"11ca0f3\" data-element_type=\"section\" data-settings=\"{&quot;background_background&quot;:&quot;classic&quot;}\">\n\t\t\t\t\t\t<div class=\"elementor-container elementor-column-gap-default\">\n\t\t\t\t\t<div class=\"elementor-column elementor-col-33 elementor-top-column elementor-element elementor-element-648d335  kyos-vertical-menu elementor-hidden-phone elementor-hidden-tablet\" data-id=\"648d335\" data-element_type=\"column\">\n\t\t\t<div class=\"elementor-widget-wrap elementor-element-populated\">\n\t\t\t\t\t\t<div class=\"elementor-element elementor-element-47cd366 kyos-fixed-item elementor-widget elementor-widget-template\" data-id=\"47cd366\" data-element_type=\"widget\" data-widget_type=\"template.default\">\n\t\t\t\t<div class=\"elementor-widget-container\">\n\t\t\t\t\t\t\t<div class=\"elementor-template\">\n\t\t\t\t\t<div data-elementor-type=\"section\" data-elementor-id=\"1688\" class=\"elementor elementor-1688 elementor-761\" data-elementor-post-type=\"elementor_library\">\n\t\t\t\t\t<section class=\"elementor-section elementor-top-section elementor-element elementor-element-62b0d00 elementor-section-boxed elementor-section-height-default elementor-section-height-default\" data-id=\"62b0d00\" data-element_type=\"section\">\n\t\t\t\t\t\t<div class=\"elementor-container elementor-column-gap-default\">\n\t\t\t\t\t<div class=\"elementor-column elementor-col-100 elementor-top-column elementor-element elementor-element-fc25cc2\" data-id=\"fc25cc2\" data-element_type=\"column\">\n\t\t\t<div class=\"elementor-widget-wrap elementor-element-populated\">\n\t\t\t\t\t\t<section class=\"elementor-section elementor-inner-section elementor-element elementor-element-9cf0e3d elementor-section-full_width elementor-section-height-default elementor-section-height-default\" data-id=\"9cf0e3d\" data-element_type=\"section\">\n\t\t\t\t\t\t<div class=\"elementor-container elementor-column-gap-default\">\n\t\t\t\t\t<div class=\"elementor-column elementor-col-33 elementor-inner-column elementor-element elementor-element-e524530\" data-id=\"e524530\" data-element_type=\"column\">\n\t\t\t<div class=\"elementor-widget-wrap elementor-element-populated\">\n\t\t\t\t\t\t<div class=\"elementor-element elementor-element-c27d5f7 kyos-fixed-item elementor-view-default elementor-widget elementor-widget-icon\" data-id=\"c27d5f7\" data-element_type=\"widget\" data-widget_type=\"icon.default\">\n\t\t\t\t<div class=\"elementor-widget-container\">\n\t\t\t\t\t\t\t<div class=\"elementor-icon-wrapper\">\n\t\t\t<a class=\"elementor-icon\" href=\"https:\/\/staging.kyos.ch\/kyos\/\">\n\t\t\t<svg xmlns=\"http:\/\/www.w3.org\/2000\/svg\" width=\"13.156\" height=\"30.354\" viewBox=\"0 0 13.156 30.354\"><path id=\"Trac&#xE9;_4010\" data-name=\"Trac&#xE9; 4010\" d=\"M5.261,15.187h0L13.156,0H7.912L0,15.187,7.912,30.354h5.244Z\" fill=\"#fff\"><\/path><\/svg>\t\t\t<\/a>\n\t\t<\/div>\n\t\t\t\t\t\t<\/div>\n\t\t\t\t<\/div>\n\t\t\t\t\t<\/div>\n\t\t<\/div>\n\t\t\t\t<div class=\"elementor-column elementor-col-33 elementor-inner-column elementor-element elementor-element-d05d93e\" data-id=\"d05d93e\" data-element_type=\"column\">\n\t\t\t<div class=\"elementor-widget-wrap elementor-element-populated\">\n\t\t\t\t\t\t<div class=\"elementor-element elementor-element-e99987f kyos-fixed-item elementor-widget elementor-widget-text-editor\" data-id=\"e99987f\" data-element_type=\"widget\" data-widget_type=\"text-editor.default\">\n\t\t\t\t<div class=\"elementor-widget-container\">\n\t\t\t\t\t\t\t\t\t<p><a href=\"https:\/\/staging.kyos.ch\/en\/kyos\/\">About<\/a><\/p>\t\t\t\t\t\t\t\t<\/div>\n\t\t\t\t<\/div>\n\t\t\t\t\t<\/div>\n\t\t<\/div>\n\t\t\t\t<div class=\"elementor-column elementor-col-33 elementor-inner-column elementor-element elementor-element-2776c63\" data-id=\"2776c63\" data-element_type=\"column\">\n\t\t\t<div class=\"elementor-widget-wrap\">\n\t\t\t\t\t\t\t<\/div>\n\t\t<\/div>\n\t\t\t\t\t<\/div>\n\t\t<\/section>\n\t\t\t\t\t<\/div>\n\t\t<\/div>\n\t\t\t\t\t<\/div>\n\t\t<\/section>\n\t\t\t\t<\/div>\n\t\t\t\t<\/div>\n\t\t\t\t\t\t<\/div>\n\t\t\t\t<\/div>\n\t\t\t\t\t<\/div>\n\t\t<\/div>\n\t\t\t\t<div class=\"elementor-column elementor-col-33 elementor-top-column elementor-element elementor-element-a45f510\" data-id=\"a45f510\" data-element_type=\"column\">\n\t\t\t<div class=\"elementor-widget-wrap elementor-element-populated\">\n\t\t\t\t\t\t<div class=\"elementor-element elementor-element-49c8eb5 elementor-widget elementor-widget-heading\" data-id=\"49c8eb5\" data-element_type=\"widget\" data-widget_type=\"heading.default\">\n\t\t\t\t<div class=\"elementor-widget-container\">\n\t\t\t\t\t<h2 class=\"elementor-heading-title elementor-size-default\">WALLIX Group<\/h2>\t\t\t\t<\/div>\n\t\t\t\t<\/div>\n\t\t\t\t<div class=\"elementor-element elementor-element-51a4897 elementor-widget elementor-widget-text-editor\" data-id=\"51a4897\" data-element_type=\"widget\" data-widget_type=\"text-editor.default\">\n\t\t\t\t<div class=\"elementor-widget-container\">\n\t\t\t\t\t\t\t\t\t<p>WALLIX protects identities and access to IT infrastructure, applications, and data. Specializing in Privileged Access Management, WALLIX solutions ensure compliance with the latest IT security standards and protect against cyber-attacks, theft and data leaks linked to stolen credentials and elevated privileges to sensitive company assets.<\/p><p>Trust cybersecurity solutions for global requirements from a European source &#8211; so that your digital transformation runs securely and you stay successful in competition.<\/p><p><strong>Trust WALLIX!<\/strong><\/p>\t\t\t\t\t\t\t\t<\/div>\n\t\t\t\t<\/div>\n\t\t\t\t<div class=\"elementor-element elementor-element-c222e7b elementor-widget elementor-widget-video\" data-id=\"c222e7b\" data-element_type=\"widget\" data-settings=\"{&quot;youtube_url&quot;:&quot;https:\\\/\\\/www.youtube.com\\\/watch?v=NMiL_aCg9Mc&quot;,&quot;video_type&quot;:&quot;youtube&quot;,&quot;controls&quot;:&quot;yes&quot;}\" data-widget_type=\"video.default\">\n\t\t\t\t<div class=\"elementor-widget-container\">\n\t\t\t\t\t\t\t<div class=\"elementor-wrapper elementor-open-inline\">\n\t\t\t<div class=\"elementor-video\"><\/div>\t\t<\/div>\n\t\t\t\t\t\t<\/div>\n\t\t\t\t<\/div>\n\t\t\t\t<div class=\"elementor-element elementor-element-23289cf elementor-widget elementor-widget-text-editor\" data-id=\"23289cf\" data-element_type=\"widget\" data-widget_type=\"text-editor.default\">\n\t\t\t\t<div class=\"elementor-widget-container\">\n\t\t\t\t\t\t\t\t\t<p>List of products from our partner<\/p>\t\t\t\t\t\t\t\t<\/div>\n\t\t\t\t<\/div>\n\t\t\t\t<div class=\"elementor-element elementor-element-15af924 elementor-widget elementor-widget-text-editor\" data-id=\"15af924\" data-element_type=\"widget\" data-widget_type=\"text-editor.default\">\n\t\t\t\t<div class=\"elementor-widget-container\">\n\t\t\t\t\t\t\t\t\t<p>Cybersecurity Simplified \u2013 we offer comprehensive solutions with seamless user experience. Easy to deploy, simple work with and maintain.<\/p><p>Here a product overview:<\/p>\t\t\t\t\t\t\t\t<\/div>\n\t\t\t\t<\/div>\n\t\t\t\t<div class=\"elementor-element elementor-element-dfc8cbf elementor-icon-list--layout-traditional elementor-list-item-link-full_width elementor-widget elementor-widget-icon-list\" data-id=\"dfc8cbf\" data-element_type=\"widget\" data-widget_type=\"icon-list.default\">\n\t\t\t\t<div class=\"elementor-widget-container\">\n\t\t\t\t\t\t\t<ul class=\"elementor-icon-list-items\">\n\t\t\t\t\t\t\t<li class=\"elementor-icon-list-item\">\n\t\t\t\t\t\t\t\t\t\t\t<a href=\"https:\/\/www.wallix.com\/wp-content\/uploads\/2021\/10\/DATASHEET_2021_BASTION_EN.pdf\" target=\"_blank\">\n\n\t\t\t\t\t\t\t\t\t\t\t\t<span class=\"elementor-icon-list-icon\">\n\t\t\t\t\t\t\t<i aria-hidden=\"true\" class=\"fas fa-file-pdf\"><\/i>\t\t\t\t\t\t<\/span>\n\t\t\t\t\t\t\t\t\t\t<span class=\"elementor-icon-list-text\">WALLIX Bastion<\/span>\n\t\t\t\t\t\t\t\t\t\t\t<\/a>\n\t\t\t\t\t\t\t\t\t<\/li>\n\t\t\t\t\t\t\t\t<li class=\"elementor-icon-list-item\">\n\t\t\t\t\t\t\t\t\t\t\t<a href=\"https:\/\/www.wallix.com\/wp-content\/uploads\/2021\/10\/DATASHEET_2021_BESTSAFE_EN.pdf\" target=\"_blank\">\n\n\t\t\t\t\t\t\t\t\t\t\t\t<span class=\"elementor-icon-list-icon\">\n\t\t\t\t\t\t\t<i aria-hidden=\"true\" class=\"fas fa-file-pdf\"><\/i>\t\t\t\t\t\t<\/span>\n\t\t\t\t\t\t\t\t\t\t<span class=\"elementor-icon-list-text\">WALLIX BestSafe<\/span>\n\t\t\t\t\t\t\t\t\t\t\t<\/a>\n\t\t\t\t\t\t\t\t\t<\/li>\n\t\t\t\t\t\t\t\t<li class=\"elementor-icon-list-item\">\n\t\t\t\t\t\t\t\t\t\t\t<a href=\"https:\/\/www.wallix.com\/wp-content\/uploads\/2021\/10\/DATASHEET_2021_TRUSTELEM_IDAAS_EN.pdf\" target=\"_blank\">\n\n\t\t\t\t\t\t\t\t\t\t\t\t<span class=\"elementor-icon-list-icon\">\n\t\t\t\t\t\t\t<i aria-hidden=\"true\" class=\"fas fa-file-pdf\"><\/i>\t\t\t\t\t\t<\/span>\n\t\t\t\t\t\t\t\t\t\t<span class=\"elementor-icon-list-text\">WALLIX Trustelem<\/span>\n\t\t\t\t\t\t\t\t\t\t\t<\/a>\n\t\t\t\t\t\t\t\t\t<\/li>\n\t\t\t\t\t\t\t\t<li class=\"elementor-icon-list-item\">\n\t\t\t\t\t\t\t\t\t\t\t<a href=\"https:\/\/staging.kyos.ch\/wp-content\/uploads\/2022\/02\/WALLIX-DATASHEET-ACCESS-MANAGER-EN.pdf\" target=\"_blank\">\n\n\t\t\t\t\t\t\t\t\t\t\t\t<span class=\"elementor-icon-list-icon\">\n\t\t\t\t\t\t\t<i aria-hidden=\"true\" class=\"fas fa-file-pdf\"><\/i>\t\t\t\t\t\t<\/span>\n\t\t\t\t\t\t\t\t\t\t<span class=\"elementor-icon-list-text\">WALLIX Access Manager<\/span>\n\t\t\t\t\t\t\t\t\t\t\t<\/a>\n\t\t\t\t\t\t\t\t\t<\/li>\n\t\t\t\t\t\t<\/ul>\n\t\t\t\t\t\t<\/div>\n\t\t\t\t<\/div>\n\t\t\t\t\t<\/div>\n\t\t<\/div>\n\t\t\t\t<div class=\"elementor-column elementor-col-33 elementor-top-column elementor-element elementor-element-0373b84 elementor-hidden-phone elementor-hidden-tablet\" data-id=\"0373b84\" data-element_type=\"column\">\n\t\t\t<div class=\"elementor-widget-wrap elementor-element-populated\">\n\t\t\t\t\t\t<div class=\"elementor-element elementor-element-adbcab5 kyos-fixed-item elementor-widget elementor-widget-image\" data-id=\"adbcab5\" data-element_type=\"widget\" data-widget_type=\"image.default\">\n\t\t\t\t<div class=\"elementor-widget-container\">\n\t\t\t\t\t\t\t\t\t\t\t\t\t\t\t\t<a href=\"https:\/\/www.wallix.com\/\" target=\"_blank\">\n\t\t\t\t\t\t\t<img fetchpriority=\"high\" decoding=\"async\" width=\"300\" height=\"300\" src=\"https:\/\/staging.kyos.ch\/wp-content\/uploads\/2021\/12\/Kyos-Page-partner-wallix-300x300.png\" class=\"attachment-medium size-medium wp-image-14385\" alt=\"\" srcset=\"https:\/\/staging.kyos.ch\/wp-content\/uploads\/2021\/12\/Kyos-Page-partner-wallix-300x300.png 300w, https:\/\/staging.kyos.ch\/wp-content\/uploads\/2021\/12\/Kyos-Page-partner-wallix-150x150.png 150w, https:\/\/staging.kyos.ch\/wp-content\/uploads\/2021\/12\/Kyos-Page-partner-wallix-768x768.png 768w, https:\/\/staging.kyos.ch\/wp-content\/uploads\/2021\/12\/Kyos-Page-partner-wallix.png 1000w\" sizes=\"(max-width: 300px) 100vw, 300px\" \/>\t\t\t\t\t\t\t\t<\/a>\n\t\t\t\t\t\t\t\t\t\t\t\t\t\t\t<\/div>\n\t\t\t\t<\/div>\n\t\t\t\t\t<\/div>\n\t\t<\/div>\n\t\t\t\t\t<\/div>\n\t\t<\/section>\n\t\t\t\t<\/div>\n\t\t","protected":false},"excerpt":{"rendered":"<p>Approche Notre \u00e9quipe \u00c9thique Partenaires R\u00e9f\u00e9rences Actualit\u00e9s Nous rejoindre WALLIX Group WALLIX protects identities and access to IT infrastructure, applications, and data. Specializing in Privileged Access Management, WALLIX solutions ensure compliance with the latest IT security standards and protect against cyber-attacks, theft and data leaks linked to stolen credentials and elevated privileges to sensitive company [&hellip;]<\/p>\n","protected":false},"author":3,"featured_media":0,"parent":1284,"menu_order":0,"comment_status":"closed","ping_status":"closed","template":"","meta":{"_acf_changed":false,"footnotes":""},"class_list":["post-14415","page","type-page","status-publish","hentry"],"acf":[],"yoast_head":"<!-- This site is optimized with the Yoast SEO plugin v26.4 - https:\/\/yoast.com\/wordpress\/plugins\/seo\/ -->\n<title>WALLIX Group - KYOS<\/title>\n<meta name=\"robots\" content=\"index, follow, max-snippet:-1, max-image-preview:large, max-video-preview:-1\" \/>\n<link rel=\"canonical\" href=\"https:\/\/staging.kyos.ch\/kyos\/partenaires\/wallix\/\" \/>\n<meta property=\"og:locale\" content=\"en_US\" \/>\n<meta property=\"og:type\" content=\"article\" \/>\n<meta property=\"og:title\" content=\"WALLIX Group - KYOS\" \/>\n<meta property=\"og:description\" content=\"Approche Notre \u00e9quipe \u00c9thique Partenaires R\u00e9f\u00e9rences Actualit\u00e9s Nous rejoindre WALLIX Group WALLIX protects identities and access to IT infrastructure, applications, and data. Specializing in Privileged Access Management, WALLIX solutions ensure compliance with the latest IT security standards and protect against cyber-attacks, theft and data leaks linked to stolen credentials and elevated privileges to sensitive company [&hellip;]\" \/>\n<meta property=\"og:url\" content=\"https:\/\/staging.kyos.ch\/kyos\/partenaires\/wallix\/\" \/>\n<meta property=\"og:site_name\" content=\"KYOS\" \/>\n<meta property=\"article:modified_time\" content=\"2022-02-14T09:00:27+00:00\" \/>\n<meta property=\"og:image\" content=\"https:\/\/www.kyos.ch\/wp-content\/uploads\/2021\/12\/Kyos-Page-partner-wallix-300x300.png\" \/>\n<meta name=\"twitter:card\" content=\"summary_large_image\" \/>\n<meta name=\"twitter:label1\" content=\"Est. reading time\" \/>\n\t<meta name=\"twitter:data1\" content=\"3 minutes\" \/>\n<script type=\"application\/ld+json\" class=\"yoast-schema-graph\">{\"@context\":\"https:\/\/schema.org\",\"@graph\":[{\"@type\":\"WebPage\",\"@id\":\"https:\/\/staging.kyos.ch\/kyos\/partenaires\/wallix\/\",\"url\":\"https:\/\/staging.kyos.ch\/kyos\/partenaires\/wallix\/\",\"name\":\"WALLIX Group - KYOS\",\"isPartOf\":{\"@id\":\"https:\/\/staging.kyos.ch\/#website\"},\"primaryImageOfPage\":{\"@id\":\"https:\/\/staging.kyos.ch\/kyos\/partenaires\/wallix\/#primaryimage\"},\"image\":{\"@id\":\"https:\/\/staging.kyos.ch\/kyos\/partenaires\/wallix\/#primaryimage\"},\"thumbnailUrl\":\"https:\/\/www.kyos.ch\/wp-content\/uploads\/2021\/12\/Kyos-Page-partner-wallix-300x300.png\",\"datePublished\":\"2021-12-30T10:36:49+00:00\",\"dateModified\":\"2022-02-14T09:00:27+00:00\",\"breadcrumb\":{\"@id\":\"https:\/\/staging.kyos.ch\/kyos\/partenaires\/wallix\/#breadcrumb\"},\"inLanguage\":\"en-US\",\"potentialAction\":[{\"@type\":\"ReadAction\",\"target\":[\"https:\/\/staging.kyos.ch\/kyos\/partenaires\/wallix\/\"]}]},{\"@type\":\"ImageObject\",\"inLanguage\":\"en-US\",\"@id\":\"https:\/\/staging.kyos.ch\/kyos\/partenaires\/wallix\/#primaryimage\",\"url\":\"https:\/\/www.kyos.ch\/wp-content\/uploads\/2021\/12\/Kyos-Page-partner-wallix-300x300.png\",\"contentUrl\":\"https:\/\/www.kyos.ch\/wp-content\/uploads\/2021\/12\/Kyos-Page-partner-wallix-300x300.png\"},{\"@type\":\"BreadcrumbList\",\"@id\":\"https:\/\/staging.kyos.ch\/kyos\/partenaires\/wallix\/#breadcrumb\",\"itemListElement\":[{\"@type\":\"ListItem\",\"position\":1,\"name\":\"Home\",\"item\":\"https:\/\/staging.kyos.ch\/en\/\"},{\"@type\":\"ListItem\",\"position\":2,\"name\":\"Kyos\",\"item\":\"https:\/\/staging.kyos.ch\/kyos\/\"},{\"@type\":\"ListItem\",\"position\":3,\"name\":\"Partners\",\"item\":\"https:\/\/staging.kyos.ch\/kyos\/partenaires\/\"},{\"@type\":\"ListItem\",\"position\":4,\"name\":\"WALLIX Group\"}]},{\"@type\":\"WebSite\",\"@id\":\"https:\/\/staging.kyos.ch\/#website\",\"url\":\"https:\/\/staging.kyos.ch\/\",\"name\":\"KYOS\",\"description\":\"Better safe than sorry\",\"publisher\":{\"@id\":\"https:\/\/staging.kyos.ch\/#organization\"},\"potentialAction\":[{\"@type\":\"SearchAction\",\"target\":{\"@type\":\"EntryPoint\",\"urlTemplate\":\"https:\/\/staging.kyos.ch\/?s={search_term_string}\"},\"query-input\":{\"@type\":\"PropertyValueSpecification\",\"valueRequired\":true,\"valueName\":\"search_term_string\"}}],\"inLanguage\":\"en-US\"},{\"@type\":\"Organization\",\"@id\":\"https:\/\/staging.kyos.ch\/#organization\",\"name\":\"KYOS\",\"url\":\"https:\/\/staging.kyos.ch\/\",\"logo\":{\"@type\":\"ImageObject\",\"inLanguage\":\"en-US\",\"@id\":\"https:\/\/staging.kyos.ch\/#\/schema\/logo\/image\/\",\"url\":\"https:\/\/staging.kyos.ch\/wp-content\/uploads\/2021\/06\/01.kyos_.logo_.noir_.width_.360-1.png\",\"contentUrl\":\"https:\/\/staging.kyos.ch\/wp-content\/uploads\/2021\/06\/01.kyos_.logo_.noir_.width_.360-1.png\",\"width\":360,\"height\":80,\"caption\":\"KYOS\"},\"image\":{\"@id\":\"https:\/\/staging.kyos.ch\/#\/schema\/logo\/image\/\"}}]}<\/script>\n<!-- \/ Yoast SEO plugin. -->","yoast_head_json":{"title":"WALLIX Group - KYOS","robots":{"index":"index","follow":"follow","max-snippet":"max-snippet:-1","max-image-preview":"max-image-preview:large","max-video-preview":"max-video-preview:-1"},"canonical":"https:\/\/staging.kyos.ch\/kyos\/partenaires\/wallix\/","og_locale":"en_US","og_type":"article","og_title":"WALLIX Group - KYOS","og_description":"Approche Notre \u00e9quipe \u00c9thique Partenaires R\u00e9f\u00e9rences Actualit\u00e9s Nous rejoindre WALLIX Group WALLIX protects identities and access to IT infrastructure, applications, and data. Specializing in Privileged Access Management, WALLIX solutions ensure compliance with the latest IT security standards and protect against cyber-attacks, theft and data leaks linked to stolen credentials and elevated privileges to sensitive company [&hellip;]","og_url":"https:\/\/staging.kyos.ch\/kyos\/partenaires\/wallix\/","og_site_name":"KYOS","article_modified_time":"2022-02-14T09:00:27+00:00","og_image":[{"url":"https:\/\/www.kyos.ch\/wp-content\/uploads\/2021\/12\/Kyos-Page-partner-wallix-300x300.png","type":"","width":"","height":""}],"twitter_card":"summary_large_image","twitter_misc":{"Est. reading time":"3 minutes"},"schema":{"@context":"https:\/\/schema.org","@graph":[{"@type":"WebPage","@id":"https:\/\/staging.kyos.ch\/kyos\/partenaires\/wallix\/","url":"https:\/\/staging.kyos.ch\/kyos\/partenaires\/wallix\/","name":"WALLIX Group - KYOS","isPartOf":{"@id":"https:\/\/staging.kyos.ch\/#website"},"primaryImageOfPage":{"@id":"https:\/\/staging.kyos.ch\/kyos\/partenaires\/wallix\/#primaryimage"},"image":{"@id":"https:\/\/staging.kyos.ch\/kyos\/partenaires\/wallix\/#primaryimage"},"thumbnailUrl":"https:\/\/www.kyos.ch\/wp-content\/uploads\/2021\/12\/Kyos-Page-partner-wallix-300x300.png","datePublished":"2021-12-30T10:36:49+00:00","dateModified":"2022-02-14T09:00:27+00:00","breadcrumb":{"@id":"https:\/\/staging.kyos.ch\/kyos\/partenaires\/wallix\/#breadcrumb"},"inLanguage":"en-US","potentialAction":[{"@type":"ReadAction","target":["https:\/\/staging.kyos.ch\/kyos\/partenaires\/wallix\/"]}]},{"@type":"ImageObject","inLanguage":"en-US","@id":"https:\/\/staging.kyos.ch\/kyos\/partenaires\/wallix\/#primaryimage","url":"https:\/\/www.kyos.ch\/wp-content\/uploads\/2021\/12\/Kyos-Page-partner-wallix-300x300.png","contentUrl":"https:\/\/www.kyos.ch\/wp-content\/uploads\/2021\/12\/Kyos-Page-partner-wallix-300x300.png"},{"@type":"BreadcrumbList","@id":"https:\/\/staging.kyos.ch\/kyos\/partenaires\/wallix\/#breadcrumb","itemListElement":[{"@type":"ListItem","position":1,"name":"Home","item":"https:\/\/staging.kyos.ch\/en\/"},{"@type":"ListItem","position":2,"name":"Kyos","item":"https:\/\/staging.kyos.ch\/kyos\/"},{"@type":"ListItem","position":3,"name":"Partners","item":"https:\/\/staging.kyos.ch\/kyos\/partenaires\/"},{"@type":"ListItem","position":4,"name":"WALLIX Group"}]},{"@type":"WebSite","@id":"https:\/\/staging.kyos.ch\/#website","url":"https:\/\/staging.kyos.ch\/","name":"KYOS","description":"Better safe than sorry","publisher":{"@id":"https:\/\/staging.kyos.ch\/#organization"},"potentialAction":[{"@type":"SearchAction","target":{"@type":"EntryPoint","urlTemplate":"https:\/\/staging.kyos.ch\/?s={search_term_string}"},"query-input":{"@type":"PropertyValueSpecification","valueRequired":true,"valueName":"search_term_string"}}],"inLanguage":"en-US"},{"@type":"Organization","@id":"https:\/\/staging.kyos.ch\/#organization","name":"KYOS","url":"https:\/\/staging.kyos.ch\/","logo":{"@type":"ImageObject","inLanguage":"en-US","@id":"https:\/\/staging.kyos.ch\/#\/schema\/logo\/image\/","url":"https:\/\/staging.kyos.ch\/wp-content\/uploads\/2021\/06\/01.kyos_.logo_.noir_.width_.360-1.png","contentUrl":"https:\/\/staging.kyos.ch\/wp-content\/uploads\/2021\/06\/01.kyos_.logo_.noir_.width_.360-1.png","width":360,"height":80,"caption":"KYOS"},"image":{"@id":"https:\/\/staging.kyos.ch\/#\/schema\/logo\/image\/"}}]}},"_links":{"self":[{"href":"https:\/\/staging.kyos.ch\/en\/wp-json\/wp\/v2\/pages\/14415","targetHints":{"allow":["GET"]}}],"collection":[{"href":"https:\/\/staging.kyos.ch\/en\/wp-json\/wp\/v2\/pages"}],"about":[{"href":"https:\/\/staging.kyos.ch\/en\/wp-json\/wp\/v2\/types\/page"}],"author":[{"embeddable":true,"href":"https:\/\/staging.kyos.ch\/en\/wp-json\/wp\/v2\/users\/3"}],"replies":[{"embeddable":true,"href":"https:\/\/staging.kyos.ch\/en\/wp-json\/wp\/v2\/comments?post=14415"}],"version-history":[{"count":29,"href":"https:\/\/staging.kyos.ch\/en\/wp-json\/wp\/v2\/pages\/14415\/revisions"}],"predecessor-version":[{"id":14747,"href":"https:\/\/staging.kyos.ch\/en\/wp-json\/wp\/v2\/pages\/14415\/revisions\/14747"}],"up":[{"embeddable":true,"href":"https:\/\/staging.kyos.ch\/en\/wp-json\/wp\/v2\/pages\/1284"}],"wp:attachment":[{"href":"https:\/\/staging.kyos.ch\/en\/wp-json\/wp\/v2\/media?parent=14415"}],"curies":[{"name":"wp","href":"https:\/\/api.w.org\/{rel}","templated":true}]}}